{"id":109,"date":"2017-03-22T16:15:35","date_gmt":"2017-03-22T22:15:35","guid":{"rendered":"http:\/\/www.e-compugraf.com\/?page_id=109"},"modified":"2017-03-27T19:19:01","modified_gmt":"2017-03-28T01:19:01","slug":"curso-de-implementacion-de-servidores-proxy-web-con-squid-en-gnu-linux","status":"publish","type":"page","link":"https:\/\/www.e-compugraf.com\/index.php\/curso-de-implementacion-de-servidores-proxy-web-con-squid-en-gnu-linux\/","title":{"rendered":"Curso de Implementaci\u00f3n de servidores Proxy web con Squid en GNU Linux"},"content":{"rendered":"<p>Compugraf le ofrece el curso de capacitaci\u00f3n para la implementaci\u00f3n de servidores proxy web con Squid y GNU\/Linux.<br \/>\nObjetivos:<\/p>\n<p>Al terminar los participantes tendr\u00c3\u00a1n los conocimientos para realizar la instalaci\u00c3\u00b3n y configurac\u00c3\u00ad\u00c3\u00b3n de un servidor proxy cache con squid para proveer servicios de acceso a Internet, crear controles y reglas de acceso a contenidos y sitios web, as\u00c3\u00ad como automatizaci\u00c3\u00b3n de la configuraci\u00c3\u00b3n del proxy en los clientes web. Adicionalmente se obtendra las bases para generar reportes de acceso a los sitios y contenidos web usando herramientas de sofware libre.<br \/>\nTemario:<\/p>\n<p>Introducci\u00c3\u00b3n a la Implementaci\u00c3\u00b3n de servidor Proxy HTTP<br \/>\nQue es un Proxy HTTP y como me puede servir.<br \/>\nIntroducci\u00c3\u00b3n a las caracter\u00c3\u00adsticas de Squid.<br \/>\nRequerimientos de Sistema<br \/>\nRequerimientos de sistema operativo.<br \/>\nRequerimientos de hardware.<br \/>\nInstalaci\u00c3\u00b3n y configuraci\u00c3\u00b3n b\u00c3\u00a1sica de Squid<br \/>\nInstalaci\u00c3\u00b3n de Squid 3.<br \/>\nConfiguraci\u00c3\u00b3n b\u00c3\u00a1sica de Squid.<br \/>\nControlando el servicio squid.<br \/>\nConfiguraci\u00c3\u00b3n de los esquemas de control de acceso en Squid<br \/>\nIntroducci\u00c3\u00b3n al esquema de control de acceso en Squid.<br \/>\nCreando reglas de acceso basadas en direcciones IP.<br \/>\nCreando reglas de acceso basadas en puertos, dominios, URLs y tipos MIME.<br \/>\nAutenticaci\u00c3\u00b3n por usuarios y grupos con Squid.<br \/>\nInstalaci\u00c3\u00b3n y configuraci\u00c3\u00b3n del filtro de URLs squidGuard<br \/>\nInstalaci\u00c3\u00b3n de squidGuard 1.4.<br \/>\nConfiguraci\u00c3\u00b3n b\u00c3\u00a1sica de squidGuard.<br \/>\nCreaci\u00c3\u00b3n de listas negras en squidGuard.<br \/>\nConfigurando Squid con el redirector de URLs squidGuard.<br \/>\nRegistro de sitios o URLs bloqueados por squidGuard.<br \/>\nConfiguraci\u00c3\u00b3n de par\u00c3\u00a1metros de proxy en clientes web<br \/>\nSobre la configuraci\u00c3\u00b3n de par\u00c3\u00a1metros de proxy en navegadores web.<br \/>\nConfiguraci\u00c3\u00b3n manual de par\u00c3\u00a1metros de proxy.<br \/>\nConfiguraci\u00c3\u00b3n de par\u00c3\u00a1metros de proxy usando script Proxy Auto-config.<br \/>\nConfiguraci\u00c3\u00b3n de par\u00c3\u00a1metros de proxy usando la detecci\u00c3\u00b3n autom\u00c3\u00a1tica WPAD.<br \/>\nCreaci\u00c3\u00b3n de script Proxy auto-config.<br \/>\nConfigurando el servidor web Apache para publicar un script PAC.<br \/>\nConfiguraci\u00c3\u00b3n de servidores DNS y DHCP para WPAD.<br \/>\nMonitorizaci\u00c3\u00b3n de peticiones y generaci\u00c3\u00b3n de reportes de acceso<br \/>\nIntroducci\u00c3\u00b3n a la generaci\u00c3\u00b3n de informes de uso web.<br \/>\nConfigurando la rotaci\u00c3\u00b3n de logs del proxy cache Squid.<br \/>\nMonitorizando las conexiones al proxy squid.<br \/>\nMonitorizando los dominios y URLs bloqueados por squidGuard.<br \/>\nUsando SARG para generar reportes de acceso al proxy Squid.<\/p>\n<p>Informaci\u00c3\u00b3n del curso:<\/p>\n<p>Requisitos previos:<\/p>\n<p>Los participantes deber\u00c3\u00a1n tener conocimientos b\u00c3\u00a1sicos sobre redes TCP\/IP, conocimiento general\/b\u00c3\u00a1sico en la ejecuci\u00c3\u00b3n de comandos en sistemas GNU\/Linux, tambi\u00c3\u00a9n se deber\u00c3\u00a1 tener uso fluido de alg\u00c3\u00ban editor de textos en linea de comandos.<\/p>\n<p>Lugar:<\/p>\n<p>Calle Norte 72, n\u00c3\u00bamero 5836 bis, Colonia Bondojito, Delgaci\u00c3\u00b3n Gustavo A Madero.<\/p>\n<p>Duraci\u00c3\u00b3n:<\/p>\n<p>El curso tiene una duraci\u00f3n de 3 d\u00edas.<\/p>\n<p>Horarios:<\/p>\n<p>Incluye:<\/p>\n<p>Curso intensivo con practicas reales.<br \/>\nInstructores certificados con experiencia en entornos de producci\u00c3\u00b3n.<br \/>\nUn equipo de computo por estudiante.<br \/>\nDiscos de instalaci\u00c3\u00b3n de distribuciones Linux usadas en curso.<br \/>\nConexi\u00c3\u00b3n a Internet.<br \/>\nCoffee break.<\/p>\n","protected":false},"excerpt":{"rendered":"<p>Compugraf le ofrece el curso de capacitaci\u00f3n para la implementaci\u00f3n de servidores proxy web con Squid y GNU\/Linux. Objetivos: Al terminar los participantes tendr\u00c3\u00a1n los conocimientos para realizar la instalaci\u00c3\u00b3n y configurac\u00c3\u00ad\u00c3\u00b3n de un servidor proxy cache con squid para proveer servicios de acceso a Internet, crear controles y reglas de acceso a contenidos y &hellip; <\/p>\n<p class=\"link-more\"><a href=\"https:\/\/www.e-compugraf.com\/index.php\/curso-de-implementacion-de-servidores-proxy-web-con-squid-en-gnu-linux\/\" class=\"more-link\">Continuar leyendo<span class=\"screen-reader-text\"> &#8220;Curso de Implementaci\u00f3n de servidores Proxy web con Squid en GNU Linux&#8221;<\/span><\/a><\/p>\n","protected":false},"author":2,"featured_media":0,"parent":0,"menu_order":0,"comment_status":"closed","ping_status":"closed","template":"","meta":{"footnotes":""},"class_list":["post-109","page","type-page","status-publish","hentry"],"_links":{"self":[{"href":"https:\/\/www.e-compugraf.com\/index.php\/wp-json\/wp\/v2\/pages\/109","targetHints":{"allow":["GET"]}}],"collection":[{"href":"https:\/\/www.e-compugraf.com\/index.php\/wp-json\/wp\/v2\/pages"}],"about":[{"href":"https:\/\/www.e-compugraf.com\/index.php\/wp-json\/wp\/v2\/types\/page"}],"author":[{"embeddable":true,"href":"https:\/\/www.e-compugraf.com\/index.php\/wp-json\/wp\/v2\/users\/2"}],"replies":[{"embeddable":true,"href":"https:\/\/www.e-compugraf.com\/index.php\/wp-json\/wp\/v2\/comments?post=109"}],"version-history":[{"count":3,"href":"https:\/\/www.e-compugraf.com\/index.php\/wp-json\/wp\/v2\/pages\/109\/revisions"}],"predecessor-version":[{"id":159,"href":"https:\/\/www.e-compugraf.com\/index.php\/wp-json\/wp\/v2\/pages\/109\/revisions\/159"}],"wp:attachment":[{"href":"https:\/\/www.e-compugraf.com\/index.php\/wp-json\/wp\/v2\/media?parent=109"}],"curies":[{"name":"wp","href":"https:\/\/api.w.org\/{rel}","templated":true}]}}