{"id":118,"date":"2017-03-22T16:24:38","date_gmt":"2017-03-22T22:24:38","guid":{"rendered":"http:\/\/www.e-compugraf.com\/?page_id=118"},"modified":"2023-05-17T17:46:39","modified_gmt":"2023-05-17T23:46:39","slug":"curso-de-instalacion-y-administracion-de-servidores-virtuales-con-kvm","status":"publish","type":"page","link":"https:\/\/www.e-compugraf.com\/index.php\/curso-de-instalacion-y-administracion-de-servidores-virtuales-con-kvm\/","title":{"rendered":"Curso de Instalaci\u00f3n y Administraci\u00f3n de servidores virtuales con KVM"},"content":{"rendered":"<p>Este curso esta dise\u00f1ado para que los participantes adquieran los conocimientos para realizar la instalaci\u00f3n y configuraci\u00f3n de un servidor de virtualizaci\u00f3n con KVM, as\u00ed\u00ad como la creaci\u00f3n y administraci\u00f3n de maquinas virtuales usando las t\u00e9cnicas de Para Virtualization y Full Virtualization, controlar el uso de recursos virtuales y el uso de diferentes herramientas para la administraci\u00f3n del entorno virtual con KVM<\/p>\n<p><!--more--><\/p>\n<p>Temario<\/p>\n<ol>\n<li>Introducci\u00f3n a la virtualizaci\u00f3n<\/li>\n<li>Historia de la virtualizaci\u00f3n.<\/li>\n<li>Ventajas de la virtualizaci\u00f3n.<\/li>\n<li>T\u00e9cnicas de virtualizaci\u00f3n.<\/li>\n<li>Introducci\u00f3n a KVM<br \/>\nHistoria del proyecto KVM.<br \/>\nCaracter\u00ed\u00adsticas KVM.<br \/>\nArquitectura de KVM.<\/li>\n<li>Instalaci\u00f3n y configuraci\u00f3n del servidor KVM<br \/>\nRequerimientos de hardware y software.<\/li>\n<li>Instalaci\u00f3n y configuraci\u00f3n b\u00e1sica del entorno KVM.<\/li>\n<li>Arranque y verificaci\u00f3n del entorno KVM.<br \/>\nConfiguraci\u00f3n de libvirtd. Administraci\u00f3n qemu y libvirt.<\/li>\n<li>Configurando el medio de almacenamiento virtual.<\/li>\n<li>Configurando el entorno de red virtual.<br \/>\nCreaci\u00f3n de m\u00e1quinas virtuales en KVM<br \/>\nIntroducci\u00f3n a la creaci\u00f3n de m\u00e1quinas virtuales KVM.<br \/>\nRequisitos de hardware para las m\u00e1quinas virtuales.<br \/>\nAsignaci\u00f3n est\u00e1tica de recursos virtuales.<br \/>\nCreaci\u00f3n de archivos de configuraci\u00f3n.<br \/>\nCreando m\u00e1quinas virtuales KVM Linux.<br \/>\nCreando m\u00e1quinas virtuales KVM Windows.<br \/>\nIniciando y apagando m\u00e1quinas virtuales.<\/li>\n<li>Administraci\u00f3n de m\u00e1quinas y recursos virtuales en KVM<\/li>\n<li>Introducci\u00f3n a la administraci\u00f3n de m\u00e1quinas virtuales en KVM.<br \/>\nControl de ejecuci\u00f3n de m\u00e1quinas virtuales.<br \/>\nInicio y apagado autom\u00e1tico de m\u00e1quinas virtuales.<br \/>\nIntroducci\u00f3n a la administraci\u00f3n de recursos virtuales.<br \/>\nAsignaci\u00f3n de memoria virtual.<br \/>\nAsignaci\u00f3n de CPUs virtuales.<br \/>\nAsignaci\u00f3n de medios de almacenamiento virtual.<br \/>\nAsignaci\u00f3n de recursos de red virtuales.<\/li>\n<li>Clonaci\u00f3n de m\u00e1quinas virtuales.<\/li>\n<li>Respaldar y restaurar m\u00e1quinas virtuales.<\/li>\n<\/ol>\n<p>Las practicas requeridas son realizadas en sistemas Ubuntu\/Debian y\/o RHEL\/CentOS ya que son las distribuciones de mayor uso.<br \/>\n<strong>Requisitos previos:<\/strong><\/p>\n<p>Este es un curso de nivel avanzado por lo cual se requiere que los participantes tengan conocimientos solidos en redes TCP\/IP as\u00ed como en la instalaci\u00f3n y configuraci\u00f3n de servidores GNU\/Linux.<br \/>\n<strong>Horario:<\/strong><\/p>\n<p>Pueden ser d\u00edas completos o medios d\u00edas<\/p>\n<p><strong>Precio<\/strong>: $6,500.00 pesos m\u00e1s IVA por persona<\/p>\n<p><strong>Incluye:<\/strong><\/p>\n<p>Curso intensivo con practicas reales.<br \/>\nInstructores certificados con experiencia en entornos de producci\u00f3n.<br \/>\nUn equipo por estudiante.<br \/>\nDiscos de instalaci\u00f3n de distribuciones Linux usadas en curso.<br \/>\nConexi\u00f3n a Internet.<br \/>\nCoffee break.<\/p>\n<p><strong>Lugar:<\/strong><\/p>\n<p>En el centro de capacitaci\u00f3n Compugraf o en la oficinas del cliente<br \/>\nRequisitos previos:<\/p>\n<p>Este es un curso de nivel avanzado por lo cual se requiere que los participantes tengan conocimientos solidos en redes TCP\/IP as\u00c3\u00ad como en la instalaci\u00c3\u00b3n y configuraci\u00f3n de servidores GNU\/Linux.<\/p>\n<p><strong>Horario:<\/strong>Depender\u00e1 del calendario, tenemos cursos de todo el d\u00eda o medios d\u00edas por poner ejemplos, Un curso de d\u00edas completos inicia a las 10:00 AM. y termina a las 5.00 PM. con una hora de comida y un receso a las 11:00 AM.<\/p>\n<p><strong>Duraci\u00f3n:<\/strong> 24 horas<\/p>\n<p><strong>\u00a0<\/strong><\/p>\n<p><strong>Incluye:<\/strong><\/p>\n<p>Curso intensivo con practicas reales.<br \/>\nInstructores certificados con experiencia en entornos de producci\u00f3n.<br \/>\nUn equipo por estudiante.<br \/>\nDiscos de instalaci\u00f3n de distribuciones Linux usadas en curso.<br \/>\nConexi\u00f3n a Internet.<br \/>\nCoffee break.<\/p>\n","protected":false},"excerpt":{"rendered":"<p>Este curso esta dise\u00f1ado para que los participantes adquieran los conocimientos para realizar la instalaci\u00f3n y configuraci\u00f3n de un servidor de virtualizaci\u00f3n con KVM, as\u00ed\u00ad como la creaci\u00f3n y administraci\u00f3n de maquinas virtuales usando las t\u00e9cnicas de Para Virtualization y Full Virtualization, controlar el uso de recursos virtuales y el uso de diferentes herramientas para &hellip; <\/p>\n<p class=\"link-more\"><a href=\"https:\/\/www.e-compugraf.com\/index.php\/curso-de-instalacion-y-administracion-de-servidores-virtuales-con-kvm\/\" class=\"more-link\">Continuar leyendo<span class=\"screen-reader-text\"> &#8220;Curso de Instalaci\u00f3n y Administraci\u00f3n de servidores virtuales con KVM&#8221;<\/span><\/a><\/p>\n","protected":false},"author":3,"featured_media":0,"parent":0,"menu_order":0,"comment_status":"closed","ping_status":"closed","template":"","meta":{"footnotes":""},"class_list":["post-118","page","type-page","status-publish","hentry"],"_links":{"self":[{"href":"https:\/\/www.e-compugraf.com\/index.php\/wp-json\/wp\/v2\/pages\/118","targetHints":{"allow":["GET"]}}],"collection":[{"href":"https:\/\/www.e-compugraf.com\/index.php\/wp-json\/wp\/v2\/pages"}],"about":[{"href":"https:\/\/www.e-compugraf.com\/index.php\/wp-json\/wp\/v2\/types\/page"}],"author":[{"embeddable":true,"href":"https:\/\/www.e-compugraf.com\/index.php\/wp-json\/wp\/v2\/users\/3"}],"replies":[{"embeddable":true,"href":"https:\/\/www.e-compugraf.com\/index.php\/wp-json\/wp\/v2\/comments?post=118"}],"version-history":[{"count":4,"href":"https:\/\/www.e-compugraf.com\/index.php\/wp-json\/wp\/v2\/pages\/118\/revisions"}],"predecessor-version":[{"id":800,"href":"https:\/\/www.e-compugraf.com\/index.php\/wp-json\/wp\/v2\/pages\/118\/revisions\/800"}],"wp:attachment":[{"href":"https:\/\/www.e-compugraf.com\/index.php\/wp-json\/wp\/v2\/media?parent=118"}],"curies":[{"name":"wp","href":"https:\/\/api.w.org\/{rel}","templated":true}]}}