{"id":126,"date":"2017-03-22T16:32:41","date_gmt":"2017-03-22T22:32:41","guid":{"rendered":"http:\/\/www.e-compugraf.com\/?page_id=126"},"modified":"2017-03-22T16:32:41","modified_gmt":"2017-03-22T22:32:41","slug":"curso-de-instalacion-y-configuracion-de-un-servidor-de-datos-con-samba-en-gnu-linux","status":"publish","type":"page","link":"https:\/\/www.e-compugraf.com\/index.php\/curso-de-instalacion-y-configuracion-de-un-servidor-de-datos-con-samba-en-gnu-linux\/","title":{"rendered":"Curso de instalaci\u00f3n y configuraci\u00f3n de un Servidor de datos con Samba en GNU Linux"},"content":{"rendered":"<p>Curso de instalaci\u00c3\u00b3n y configuraci\u00c3\u00b3n de un Servidor de datos con Samba en GNU\/Linux<br \/>\n  Samba es una herramienta que permite compartir directorios, archivos, impresoras en una red local, Esto sin importar el sistema operativo que tengan las maquinas clientes que pueden ser sistemas Windows o GNU\/LInux.<\/p>\n<p>             Samba nos permitir\u00c3\u00a1 tener un control de los datos de la empresa, ya que habr\u00c3\u00a1 un servidor central en el que los usuarios de la red guardan la informaci\u00c3\u00b3n y datos de la empresa, controlando el acceso a directorios y archivos.<\/p>\n<p>            Otra de las ventajas de usar un servidor de Samba, ya que como tenemos los datos centralizados el respaldo de los datos ser\u00c3\u00a1 m\u00c3\u00a1s sencillo y confiable.<\/p>\n<p>Objetivo: Al final del curso el  alumno habr\u00c3\u00a1 instalado un servidor samba, donde habr\u00c3\u00a1 creado usuarios, grupo asignando permisos de acceso a datos de la empresa.<\/p>\n<p>Duraci\u00c3\u00b3n: 16 horas<\/p>\n<p>D\u00c3\u00adas: 2<\/p>\n<p>Conocimientos previos: Administraci\u00c3\u00b3n de sistemas GNU\/Linux,<\/p>\n<p>Temario<\/p>\n<p>    Conociendo Samba<br \/>\n    Licencia de uso de Samba<br \/>\n    Servicios que ofrece samba<br \/>\n    Sistemas operativos soportados<br \/>\n    Requerimientos de hardware<br \/>\n    Archivos necesarios para instalaci\u00c3\u00b3n<br \/>\n    Instalaci\u00c3\u00b3n de Samba en GNU\/Linux<br \/>\n    Configuraci\u00c3\u00b3n del servidor de Dominio en Samba<br \/>\n    Creaci\u00c3\u00b3n de usuarios y grupos<br \/>\n    Creaci\u00c3\u00b3n de directorios<br \/>\n    Permisos de usuarios y directorios.<br \/>\n    Configuraci\u00c3\u00b3n en maquinas clientes con sistema operativo GNU\/Linux<br \/>\n    Configuraci\u00c3\u00b3n en maquinas clientes con sistema operativo Windows<br \/>\n    Configuraci\u00c3\u00b3n para compartir impresoras<\/p>\n<p> Material.-<\/p>\n<p>Equipo de pruebas por alumno<\/p>\n<p>Distribuci\u00c3\u00b3n de GNU\/LInux y software a usar<\/p>\n<p>Libreta de Compugraf-GNU\/Linux  para anotaciones<\/p>\n<p>Desayuno incluido.<\/p>\n<p>Costo: $6,500.00 m\u00c3\u00a1s IVA por persona<\/p>\n<p>Costos especiales a grupos, se puede viajar a toda la republica.<\/p>\n<p>Puede hacer pagos con tarjeta de credito<\/p>\n","protected":false},"excerpt":{"rendered":"<p>Curso de instalaci\u00c3\u00b3n y configuraci\u00c3\u00b3n de un Servidor de datos con Samba en GNU\/Linux Samba es una herramienta que permite compartir directorios, archivos, impresoras en una red local, Esto sin importar el sistema operativo que tengan las maquinas clientes que pueden ser sistemas Windows o GNU\/LInux. Samba nos permitir\u00c3\u00a1 tener un control de los datos &hellip; <\/p>\n<p class=\"link-more\"><a href=\"https:\/\/www.e-compugraf.com\/index.php\/curso-de-instalacion-y-configuracion-de-un-servidor-de-datos-con-samba-en-gnu-linux\/\" class=\"more-link\">Continuar leyendo<span class=\"screen-reader-text\"> &#8220;Curso de instalaci\u00f3n y configuraci\u00f3n de un Servidor de datos con Samba en GNU Linux&#8221;<\/span><\/a><\/p>\n","protected":false},"author":2,"featured_media":0,"parent":0,"menu_order":0,"comment_status":"closed","ping_status":"closed","template":"","meta":{"footnotes":""},"class_list":["post-126","page","type-page","status-publish","hentry"],"_links":{"self":[{"href":"https:\/\/www.e-compugraf.com\/index.php\/wp-json\/wp\/v2\/pages\/126","targetHints":{"allow":["GET"]}}],"collection":[{"href":"https:\/\/www.e-compugraf.com\/index.php\/wp-json\/wp\/v2\/pages"}],"about":[{"href":"https:\/\/www.e-compugraf.com\/index.php\/wp-json\/wp\/v2\/types\/page"}],"author":[{"embeddable":true,"href":"https:\/\/www.e-compugraf.com\/index.php\/wp-json\/wp\/v2\/users\/2"}],"replies":[{"embeddable":true,"href":"https:\/\/www.e-compugraf.com\/index.php\/wp-json\/wp\/v2\/comments?post=126"}],"version-history":[{"count":1,"href":"https:\/\/www.e-compugraf.com\/index.php\/wp-json\/wp\/v2\/pages\/126\/revisions"}],"predecessor-version":[{"id":127,"href":"https:\/\/www.e-compugraf.com\/index.php\/wp-json\/wp\/v2\/pages\/126\/revisions\/127"}],"wp:attachment":[{"href":"https:\/\/www.e-compugraf.com\/index.php\/wp-json\/wp\/v2\/media?parent=126"}],"curies":[{"name":"wp","href":"https:\/\/api.w.org\/{rel}","templated":true}]}}