{"id":132,"date":"2017-03-22T16:36:55","date_gmt":"2017-03-22T22:36:55","guid":{"rendered":"http:\/\/www.e-compugraf.com\/?page_id=132"},"modified":"2017-03-22T16:36:55","modified_gmt":"2017-03-22T22:36:55","slug":"curso-de-preparacion-para-el-examen-de-certificacion-lpi-102","status":"publish","type":"page","link":"https:\/\/www.e-compugraf.com\/index.php\/curso-de-preparacion-para-el-examen-de-certificacion-lpi-102\/","title":{"rendered":"Curso de preparaci\u00f3n para el examen de certificaci\u00f3n LPI 102."},"content":{"rendered":"<p>Este es un examen requerido para la Certificaci\u00c3\u00b3n LPI Nivel 1 o LPIC-1. En este ex\u00c3\u00a1men se cubren las habilidades b\u00c3\u00a1sicas para un Profesional Linux que que son comunes en todas las distribuciones Linux.<\/p>\n<p>INFORMACI\u00c3\u201cN IMPORTANTE: Estos son los objetivos 102 actuales, los cuales son efectivamente validos desde 2012-07-02.<\/p>\n<p>A cada objetivo se le es asignado un valor de peso. Estos pesos estan en el rango de 1 a 10 e indican la importancia relativa para cada objetivo. Los objetivos con pesos mayores ser\u00c3\u00a1n cubiertos en examen con m\u00c3\u00a1s preguntas.<br \/>\nObjetivos: Ex\u00c3\u00a1men 102<br \/>\nTema 105: Shells, Scripts y Administraci\u00c3\u00b3n de datos<br \/>\n105.1 Personalizar y usar el entorno del shell<\/p>\n<p>Peso<br \/>\n4<\/p>\n<p>Descripci\u00c3\u00b3n<br \/>\nLos candidatos deber\u00c3\u00a1n de ser capaces de personalizar el entorno del shell para satisfacer sus necesidades. Los candidatos deber\u00c3\u00a1n de ser capaces de modificar los perfiles de usuario de forma global y por usuario.<\/p>\n<p>Areas de Conocimiento Clave<\/p>\n<p>Establecer variables de entorno (e.g. PATH) al inicio de sesi\u00c3\u00b3n o cuando se lanza un nuevo shell.<br \/>\nEscribir funciones de BASH para secuencias de comando frecuentemente utilizadas.<br \/>\nMantener los directorios skeleton para nuevas cuentas de usuario.<br \/>\nEstablecer la ruta de busqueda de comandos con los directorios apropiados.<\/p>\n<p>La siguiente es una lista de archivos, terminos y utillerias usadas:<\/p>\n<p>\/etc\/profile<br \/>\nenv<br \/>\nexport<br \/>\nset<br \/>\nunset<br \/>\n~\/.bash_profile<br \/>\n~\/.bash_login<br \/>\n~\/.profile<br \/>\n~\/.bashrc<br \/>\n~\/.bash_logout<br \/>\nfunction<br \/>\nalias<br \/>\nlists<\/p>\n<p>105.2 Escribir o personalizar scripts simples<\/p>\n<p>Peso<br \/>\n4<\/p>\n<p>Descripci\u00c3\u00b3n<br \/>\nLos candidatos deber\u00c3\u00a1n de ser capaces de personalizar scripts existentes, o escribir nuevos scripts simples en BASH.<\/p>\n<p>Areas de Conocimiento Clave<\/p>\n<p>Usar sintaxis sh estandar (loops, tests).<br \/>\nUsar substituci\u00c3\u00b3n de comandos.<br \/>\nProbar valores de retorno de exito o falla para obtener informaci\u00c3\u00b3n provista por un comando.<br \/>\nPerform conditional mailing to the superuser.<br \/>\nSeleccionar correctamente el interprete de scripts a trav\u00c3\u00a9s de la l\u00c3\u00adnea shebang (#!).<br \/>\nManejar la ubicaci\u00c3\u00b3n, due\u00c3\u00b1os, ejecuci\u00c3\u00b3n y permisos suid de los scripts.<\/p>\n<p>La siguiente es una lista de archivos, terminos y utillerias usadas:<\/p>\n<p>for<br \/>\nwhile<br \/>\ntest<br \/>\nif<br \/>\nread<br \/>\nseq<\/p>\n<p>105.3 Administraci\u00c3\u00b3n de datos SQL<\/p>\n<p>Peso<br \/>\n2<\/p>\n<p>Descripci\u00c3\u00b3n<br \/>\nLos candidatos deber\u00c3\u00a1n de ser capaces de consultar bases de datos y manipular datos usando comandos SQL basicos. Este objetivo incluye realizar consultas que involucren la union de 2 tablas y\/o subselects.<\/p>\n<p>Areas de Conocimiento Clave<\/p>\n<p>Uso de comandos SQL b\u00c3\u00a1sicos.<br \/>\nRealizar manipulaci\u00c3\u00b3n de datos b\u00c3\u00a1sica.<\/p>\n<p>La siguiente es una lista de archivos, terminos y utillerias usadas:<\/p>\n<p>insert<br \/>\nupdate<br \/>\nselect<br \/>\ndelete<br \/>\nfrom<br \/>\nwhere<br \/>\ngroup by<br \/>\norder by<br \/>\njoin<\/p>\n<p>Tema 106: Interfaces de Usuario y Escritorios<br \/>\n106.1 Instalar y configurar X11<\/p>\n<p>Peso<br \/>\n2<\/p>\n<p>Descripci\u00c3\u00b3n<br \/>\nLos candidatos deber\u00c3\u00a1n de ser capaces de instalar y configurar X11.<\/p>\n<p>Areas de Conocimiento Clave<\/p>\n<p>Verificar que la tarjeta de video y monitor esten soportadas por el servidor X.<br \/>\nConocimiento del servidor de fuentes X.<br \/>\nEntendimiento basico y conocimiento del archivo de configuraci\u00c3\u00b3n de X Window.<\/p>\n<p>La siguiente es una lista de archivos, terminos y utillerias usadas:<\/p>\n<p>\/etc\/X11\/xorg.conf<br \/>\nxhost<br \/>\nDISPLAY<br \/>\nxwininfo<br \/>\nxdpyinfo<br \/>\nX<\/p>\n<p>106.2 Configurar un administrador de pantalla<\/p>\n<p>Peso<br \/>\n2<\/p>\n<p>Descripci\u00c3\u00b3n<br \/>\nLos candidatos deber\u00c3\u00a1n de ser capaces de configurar y personalizar el administrador de pantalla. Este objetivo cubre los administradores de pantalla XDM (X Display Manger), GDM (Gnome Display Manager) y KDM (KDE Display Manager).<\/p>\n<p>Areas de Conocimiento Clave<\/p>\n<p>Apagar y prender el administrador de pantalla.<br \/>\nCambiar el saludo del administrador de pantalla.<br \/>\nCambiar la profundidad de color predeterminada del administrador de pantalla.<br \/>\nConfigurar el administrador de pantalla para ser usado con estaciones-X.<\/p>\n<p>La siguiente es una lista de archivos, terminos y utillerias usadas:<\/p>\n<p>\/etc\/inittab<br \/>\nArchivos de configuraci\u00c3\u00b3n xdm<br \/>\nArchivos de configuraci\u00c3\u00b3n kdm<br \/>\nArchivos de configuraci\u00c3\u00b3n gdm<\/p>\n<p>106.3 Accesibilidad<\/p>\n<p>Peso<br \/>\n1<\/p>\n<p>Descripci\u00c3\u00b3n<br \/>\nDemostrar conocimiento y &#8216;awareness&#8217; sobre las tecnologias de accesibilidad.<\/p>\n<p>Areas de Conocimiento Clave<\/p>\n<p>Configuraciones de Accesibilidad del Teclado (AccessX?)<br \/>\nConfiguraciones Visual y Temas.<br \/>\nTecnologias Asistivas (ATs)<\/p>\n<p>La siguiente es una lista de archivos, terminos y utillerias usadas:<\/p>\n<p>Sticky\/Repeat Keys<br \/>\nSlow\/Bounce\/Toggle Keys<br \/>\nMouse Keys<br \/>\nTemas de Escritorio de Alto Contraste\/Impresi\u00c3\u00b3n Grande<br \/>\nLector de Pantalla<br \/>\nPantalla Braile<br \/>\nMagnificador de Pantalla<br \/>\nTeclado On-Screen<br \/>\nGestures (used at login, for example gdm)<br \/>\nOrca<br \/>\nGOK<br \/>\nemacspeak<\/p>\n<p>Tema 107: Tareas Administrativas<br \/>\n107.1 Administrar cuentas de usuario y grupo y sus sus archivos relacionados<\/p>\n<p>Peso<br \/>\n5<\/p>\n<p>Descripci\u00c3\u00b3n<br \/>\nLos candidatos deber\u00c3\u00a1n de ser capaces de agregar, eliminar, suspender y cambiar cuentas de usuario.<\/p>\n<p>Areas de Conocimiento Clave<\/p>\n<p>Agregar, modificar y eliminar usuarios y grupos.<br \/>\nAdministrar informaci\u00c3\u00b3n de usuarios\/grupos en las bases de datos de contrase\u00c3\u00b1as\/grupos.<br \/>\nCrear y administrar cuentas limitadas para propositos especiales.<\/p>\n<p>La siguiente es una lista de archivos, terminos y utillerias usadas:<\/p>\n<p>\/etc\/passwd<br \/>\n\/etc\/shadow<br \/>\n\/etc\/group<br \/>\n\/etc\/skel<br \/>\nchage<br \/>\ngroupadd<br \/>\ngroupdel<br \/>\ngroupmod<br \/>\npasswd<br \/>\nuseradd<br \/>\nuserdel<br \/>\nusermod<\/p>\n<p>107.2 Autom\u00c3\u00a1tizar tareas de administraci\u00c3\u00b3n del sistema usando trabajos programados<\/p>\n<p>Peso<br \/>\n4<\/p>\n<p>Descripci\u00c3\u00b3n<br \/>\nLos candidatos deber\u00c3\u00a1n de ser capases de usar cron o anacron para ejecutar trabajos a intervalos regulares y usar at para ejecutar trabajos en una fecha especifica.<\/p>\n<p>Areas de Conocimiento Clave<\/p>\n<p>Administrar trabajos de cron y at.<br \/>\nConfigurar el acceso de usuuario a servicios cron y at.<\/p>\n<p>La siguiente es una lista de archivos, terminos y utillerias usadas:<\/p>\n<p>\/etc\/cron.{d,daily,hourly,monthly,weekly}<br \/>\n\/etc\/at.deny<br \/>\n\/etc\/at.allow<br \/>\n\/etc\/crontab<br \/>\n\/etc\/cron.allow<br \/>\n\/etc\/cron.deny<br \/>\n\/var\/spool\/cron\/*<br \/>\ncrontab<br \/>\nat<br \/>\natq<br \/>\natrm<\/p>\n<p>107.3 Localizci\u00c3\u00b3n e Internacionalizaci\u00c3\u00b3n<\/p>\n<p>Peso<br \/>\n3<\/p>\n<p>Descripci\u00c3\u00b3n<br \/>\nLos candidatos deber\u00c3\u00a1n de ser capaces de localizar un sistem en diferentes lenguajes aparte del Ingl\u00c3\u00a9s. Tambi\u00c3\u00a9n, porque LANG=C es \u00c3\u00batil en scripts.<\/p>\n<p>Areas de Conocimiento Clave<\/p>\n<p>Configurar las locales.<br \/>\nConfigurar la zona horaria.<\/p>\n<p>La siguiente es una lista de archivos, terminos y utillerias usadas:<\/p>\n<p>\/etc\/timezone<br \/>\n\/etc\/localtime<br \/>\n\/usr\/share\/zoneinfo<br \/>\nVariables de entorno:<br \/>\nLC_*<br \/>\nLC_ALL<br \/>\nLANG<br \/>\n\/usr\/bin\/locale<br \/>\ntzselect<br \/>\ntzconfig<br \/>\ndate<br \/>\niconv<br \/>\nUTF-8<br \/>\nISO-8859<br \/>\nASCII<br \/>\nUnicode<\/p>\n<p>Tema 108: Servicios de Sistema B\u00c3\u00a1sicos<br \/>\n108.1 Mantener el reloj\/time? del sistema<\/p>\n<p>Peso<br \/>\n3<\/p>\n<p>Descripci\u00c3\u00b3n<br \/>\nLos candidatos deber\u00c3\u00a1n de ser capaces de mantener apropiadamente el reloj del sistema y sincronizar el reloj v\u00c3\u00ada NTP.<\/p>\n<p>Areas de Conocimiento Clave<\/p>\n<p>Establecer fecha y hora del sistema.<br \/>\nEstablecer el reloj del hardware al horario correcto en UTC.<br \/>\nConfigurar correctamente la zona horaria.<br \/>\nConfiguraci\u00c3\u00b3n b\u00c3\u00a1sica de NTP.<br \/>\nConocimiento del uso del servicio pool.ntp.org.<\/p>\n<p>La siguiente es una lista de archivos, terminos y utillerias usadas:<\/p>\n<p>\/usr\/share\/zoneinfo<br \/>\n\/etc\/timezone<br \/>\n\/etc\/localtime<br \/>\n\/etc\/ntp.conf<br \/>\ndate<br \/>\nhwclock<br \/>\nntpd<br \/>\nntpdate<br \/>\npool.ntp.org<\/p>\n<p>108.2 Bitacoras del sistema<\/p>\n<p>Peso<br \/>\n2<\/p>\n<p>Descripci\u00c3\u00b3n<br \/>\nLos candidatos deber\u00c3\u00a1n de ser capaces de configurar el demonio syslog. Este objetivo tambi\u00c3\u00a9n incluye configurar el demonio de bitacoras para enviar la salida de los logs a un servidor de logs centralizado o aceptar logs como servidor de logs centralizado.<\/p>\n<p>Areas de Conocimiento Clave<\/p>\n<p>Archivos de configuraci\u00c3\u00b3n de syslog.<br \/>\nsyslog<br \/>\nFacilities, prioridades y acciones estandar.<\/p>\n<p>La siguiente es una lista de archivos, terminos y utillerias usadas:<\/p>\n<p>syslog.conf<br \/>\nsyslogd<br \/>\nklogd<br \/>\nlogger<\/p>\n<p>108.3 Fundamentos de los Agentes de Transporte de Correo<\/p>\n<p>Peso<br \/>\n3<\/p>\n<p>Descripci\u00c3\u00b3n<br \/>\nLos candidatos deber\u00c3\u00a1n de conocer los programas MTA disponibles y ser capaz de realizar configuraciones de re-envio y alias de correo en un cliente. Otras configuraciones no son cubiertas.<\/p>\n<p>Areas de Conocimiento Clave<\/p>\n<p>Crear alias de correo electr\u00c3\u00b3nico.<br \/>\nConfigurar la redirecci\u00c3\u00b3n de correo electr\u00c3\u00b3nico.<br \/>\nConocimiento de programas MTA comunmente disponibles (postfix, sendmail, qmail, exim) (sin configuraci\u00c3\u00b3n)<\/p>\n<p>La siguiente es una lista de archivos, terminos y utillerias usadas:<\/p>\n<p>~\/.forward<br \/>\nsendmail emulation layer commands<br \/>\nnewaliases<br \/>\nmail<br \/>\nmailq<br \/>\npostfix<br \/>\nsendmail<br \/>\nexim<br \/>\nqmail<\/p>\n<p>108.4 Administraci\u00c3\u00b3n de impresi\u00c3\u00b3n e impresoras<\/p>\n<p>Peso<br \/>\n2<\/p>\n<p>Descripci\u00c3\u00b3n<br \/>\nLos candidatos deber\u00c3\u00a1n de ser capaces de administrar colas de impresi\u00c3\u00b3n usando CUPS y la interfaz de compatibilidad LPD<\/p>\n<p>Areas de Conocimiento Clave<\/p>\n<p>Configuraci\u00c3\u00b3n b\u00c3\u00a1sica de CUPS (para impresoras locales y remotas).<br \/>\nAdministrar colas de impresi\u00c3\u00b3n de usuario.<br \/>\nResolver problemas generales de impresi\u00c3\u00b3n.<br \/>\nAgregar y eliminar trabajos desde una cola de impresi\u00c3\u00b3n configurada???\/ Add and remove jobs from configured printer queues.<\/p>\n<p>La siguiente es una lista de archivos, terminos y utillerias usadas:<\/p>\n<p>Archivos de configuraci\u00c3\u00b3n, herramientas y utilierias de CUPS.<br \/>\n\/etc\/cups<br \/>\nInterfaz heredada de lpd (lpr, lprm, lpq)<\/p>\n<p>Tema 109: Fundamentos de Red<br \/>\n109.1 Fundamentos de los protocolos de Internet<\/p>\n<p>Peso<br \/>\n4<\/p>\n<p>Descripci\u00c3\u00b3n<br \/>\nLos candidatos deber\u00c3\u00a1n demostrar un entendimiento apropiado de las redes TCP\/IP.<\/p>\n<p>Areas de Conocimiento Clave<\/p>\n<p>Demostrar un entendimiento de las mascaras de red\/<br \/>\nEntender las diferencias entre direcciones IP publicas y privadas.<br \/>\nEstablecer la ruta predeterminada.<br \/>\nConocimiento acerca de puertos comunes TCP y UDP (20, 21, 22, 23, 25, 53, 80, 110, 119, 139, 143, 161, 443, 465, 993, 995).<br \/>\nConocimiento acerca de las diferencias y caracteristicas mayores de UDP, TCP e ICMP.<br \/>\nConocimiento de las mayores diferencias entre IPv4 e IPv6.<\/p>\n<p>La siguiente es una lista de archivos, terminos y utillerias usadas:<\/p>\n<p>\/etc\/services<br \/>\nftp<br \/>\ntelnet<br \/>\nhost<br \/>\nping<br \/>\ndig<br \/>\ntraceroute<br \/>\ntracepath<\/p>\n<p>109.2 Configuraci\u00c3\u00b3n b\u00c3\u00a1sica de red<\/p>\n<p>Peso<br \/>\n4<\/p>\n<p>Descripci\u00c3\u00b3n<br \/>\nLos candidatos deber\u00c3\u00a1n de ser capaces de ver, cambiar y verificar parametros de configuraci\u00c3\u00b3n en los equipos cliente.<\/p>\n<p>Areas de Conocimiento Clave<\/p>\n<p>Configuraci\u00c3\u00b3n manual y autom\u00c3\u00a1tica de interfaces de red.<br \/>\nConfiguraci\u00c3\u00b3n b\u00c3\u00a1sica de TCP\/IP en el host.<\/p>\n<p>La siguiente es una lista de archivos, terminos y utillerias usadas:<\/p>\n<p>\/etc\/hostname<br \/>\n\/etc\/hosts<br \/>\n\/etc\/resolv.conf<br \/>\n\/etc\/nsswitch.conf<br \/>\nifconfig<br \/>\nifup<br \/>\nifdown<br \/>\nroute<br \/>\nping<\/p>\n<p>109.3 Resoluci\u00c3\u00b3n de problemas b\u00c3\u00a1sicos de red<\/p>\n<p>Peso<br \/>\n4<\/p>\n<p>Descripci\u00c3\u00b3n<br \/>\nLos candidatos deber\u00c3\u00a1n de ser capaces de resolver problemas de red en los equipos cliente.<\/p>\n<p>Areas de Conocimiento Clave<\/p>\n<p>Configuraci\u00c3\u00b3n manual y autom\u00c3\u00a1tica de interfaces de red y tablas de enrutado que incluye, agregar, iniciar, detener, reiniciar, eliminar y reconfigurar las interfaces de red.<br \/>\nCambiar, ver, o configurar la tabla de enrutado y corregir manualmente una ruta prederminada mal configurada.<br \/>\nDepurar problemas asociados con la configuraci\u00c3\u00b3n de la red.<\/p>\n<p>La siguiente es una lista de archivos, terminos y utillerias usadas:<\/p>\n<p>ifconfig<br \/>\nifup<br \/>\nifdown<br \/>\nroute<br \/>\nhost<br \/>\nhostname<br \/>\ndig<br \/>\nnetstat<br \/>\nping<br \/>\ntraceroute<\/p>\n<p>109.4 Configure client side DNS<\/p>\n<p>Peso<br \/>\n2<\/p>\n<p>Descripci\u00c3\u00b3n<br \/>\nLos candidatos deber\u00c3\u00a1n de ser capaces de configurar DNS en un equipo cliente.<\/p>\n<p>Areas de Conocimiento Clave<\/p>\n<p>Demostrar el uso de DNS en el equipo local.<br \/>\nModificar el orden en el cual la resoluci\u00c3\u00b3n de nombres es hecha.<\/p>\n<p>La siguiente es una lista de archivos, terminos y utillerias usadas:<\/p>\n<p>\/etc\/hosts<br \/>\n\/etc\/resolv.conf<br \/>\n\/etc\/nsswitch.conf<\/p>\n<p>Tema 110: Seguridad<br \/>\n110.1 Realizar tareas de administraci\u00c3\u00b3n de seguridad<\/p>\n<p>Peso<br \/>\n3<\/p>\n<p>Descripci\u00c3\u00b3n<br \/>\nLos candidatos deber\u00c3\u00a1n de como revisar la configuraci\u00c3\u00b3n del sistema para asegurar la seguridad del sistema de acuerdo a las politicas de sistema locales.<\/p>\n<p>Areas de Conocimiento Clave<\/p>\n<p>Auditar el sistema para encontrar archivos con el bit suid\/sgid establecidos.<br \/>\nEstablecer o cambiar la contrase\u00c3\u00b1a de usuarios y la informaci\u00c3\u00b3n de expiraci\u00c3\u00b3n de contrase\u00c3\u00b1as.<br \/>\nSer capas de usar nmap y netstat para descubrir puertos abiertos en el sistema.<br \/>\nEstablecer limites en el login de usuario, procesos y uso de memoria.<br \/>\nUso y confgiuraci\u00c3\u00b3n b\u00c3\u00a1sica de sudo.<\/p>\n<p>La siguiente es una lista de archivos, terminos y utillerias usadas:<\/p>\n<p>find<br \/>\npasswd<br \/>\nlsof<br \/>\nnmap<br \/>\nchage<br \/>\nnetstat<br \/>\nsudo<br \/>\n\/etc\/sudoers<br \/>\nsu<br \/>\nusermod<br \/>\nulimit<\/p>\n<p>110.2 Configurar la seguridad del host<\/p>\n<p>Peso<br \/>\n3<\/p>\n<p>Descripci\u00c3\u00b3n<br \/>\nLos candidatos deber\u00c3\u00a1n conoser como configurar la seguridad a nivel b\u00c3\u00a1sico del host\/equipo.<\/p>\n<p>Areas de Conocimiento Clave<\/p>\n<p>Conocimiento de las contrase\u00c3\u00b1as shadow y como funcionan.<br \/>\nApagar servicios de red que no se usan.<br \/>\nEntender e rol de los TCP wrappers.<\/p>\n<p>La siguiente es una lista de archivos, terminos y utillerias usadas:<\/p>\n<p>\/etc\/nologin<br \/>\n\/etc\/passwd<br \/>\n\/etc\/shadow<br \/>\n\/etc\/xinetd.d\/*<br \/>\n\/etc\/xinetd.conf<br \/>\n\/etc\/inetd.d\/*<br \/>\n\/etc\/inetd.conf<br \/>\n\/etc\/inittab<br \/>\n\/etc\/init.d\/*<br \/>\n\/etc\/hosts.allow<br \/>\n\/etc\/hosts.deny<\/p>\n<p>110.3 Asegurando datos mediante cifrado\/Securing data with encryption<\/p>\n<p>Peso<br \/>\n3<\/p>\n<p>Descripci\u00c3\u00b3n<br \/>\nLos canidatos deber\u00c3\u00a1n de ser capaces de usar tecnicas de llave publica para asegurdad datos y comunicaciones.<\/p>\n<p>Areas de Conocimiento Clave<\/p>\n<p>Realizar uso y configuraci\u00c3\u00b3n b\u00c3\u00a1sica del cliente OpenSSH 2.<br \/>\nEntender el rol de las llaves de host del servidor OpenSSH 2.<br \/>\nRealizar configuraci\u00c3\u00b3nes y usos b\u00c3\u00a1sicos de GnuPG.<br \/>\nEntender los tuneles de puerto SSH (incluyendo tueneles X11).<\/p>\n<p>La siguiente es una lista de archivos, terminos y utillerias usadas:<\/p>\n<p>ssh<br \/>\nssh-keygen<br \/>\nssh-agent<br \/>\nssh-add<br \/>\n~\/.ssh\/id_rsa y id_rsa.pub<br \/>\n~\/.ssh\/id_dsa y id_dsa.pub<br \/>\n\/etc\/ssh\/ssh_host_rsa_key y ssh_host_rsa_key.pub<br \/>\n\/etc\/ssh\/ssh_host_dsa_key u ssh_host_dsa_key.pub<br \/>\n~\/.ssh\/authorized_keys<br \/>\n\/etc\/ssh_known_hosts<br \/>\ngpg<br \/>\n~\/.gnupg\/*<\/p>\n<p>Fechas del 10 al 13 de agosto 2015<br \/>\nDuraci\u00c3\u00b3n. 4 d\u00c3\u00adas<br \/>\nHorario de 9 a 18 horas<br \/>\nCosto $6.500.00 pesos m\u00c3\u00a1s IVA por persona<\/p>\n<p>Pregunte por precios especiales a grupos.<\/p>\n<p>Pago con tarjeta de credito o paypal , pregunte por ella<\/p>\n","protected":false},"excerpt":{"rendered":"<p>Este es un examen requerido para la Certificaci\u00c3\u00b3n LPI Nivel 1 o LPIC-1. En este ex\u00c3\u00a1men se cubren las habilidades b\u00c3\u00a1sicas para un Profesional Linux que que son comunes en todas las distribuciones Linux. INFORMACI\u00c3\u201cN IMPORTANTE: Estos son los objetivos 102 actuales, los cuales son efectivamente validos desde 2012-07-02. A cada objetivo se le es &hellip; <\/p>\n<p class=\"link-more\"><a href=\"https:\/\/www.e-compugraf.com\/index.php\/curso-de-preparacion-para-el-examen-de-certificacion-lpi-102\/\" class=\"more-link\">Continuar leyendo<span class=\"screen-reader-text\"> &#8220;Curso de preparaci\u00f3n para el examen de certificaci\u00f3n LPI 102.&#8221;<\/span><\/a><\/p>\n","protected":false},"author":2,"featured_media":0,"parent":0,"menu_order":0,"comment_status":"closed","ping_status":"closed","template":"","meta":{"footnotes":""},"class_list":["post-132","page","type-page","status-publish","hentry"],"_links":{"self":[{"href":"https:\/\/www.e-compugraf.com\/index.php\/wp-json\/wp\/v2\/pages\/132","targetHints":{"allow":["GET"]}}],"collection":[{"href":"https:\/\/www.e-compugraf.com\/index.php\/wp-json\/wp\/v2\/pages"}],"about":[{"href":"https:\/\/www.e-compugraf.com\/index.php\/wp-json\/wp\/v2\/types\/page"}],"author":[{"embeddable":true,"href":"https:\/\/www.e-compugraf.com\/index.php\/wp-json\/wp\/v2\/users\/2"}],"replies":[{"embeddable":true,"href":"https:\/\/www.e-compugraf.com\/index.php\/wp-json\/wp\/v2\/comments?post=132"}],"version-history":[{"count":1,"href":"https:\/\/www.e-compugraf.com\/index.php\/wp-json\/wp\/v2\/pages\/132\/revisions"}],"predecessor-version":[{"id":133,"href":"https:\/\/www.e-compugraf.com\/index.php\/wp-json\/wp\/v2\/pages\/132\/revisions\/133"}],"wp:attachment":[{"href":"https:\/\/www.e-compugraf.com\/index.php\/wp-json\/wp\/v2\/media?parent=132"}],"curies":[{"name":"wp","href":"https:\/\/api.w.org\/{rel}","templated":true}]}}