{"id":135,"date":"2017-03-22T16:38:44","date_gmt":"2017-03-22T22:38:44","guid":{"rendered":"http:\/\/www.e-compugraf.com\/?page_id=135"},"modified":"2023-05-17T17:48:57","modified_gmt":"2023-05-17T23:48:57","slug":"curso-de-programacion-en-php-nivel-1","status":"publish","type":"page","link":"https:\/\/www.e-compugraf.com\/index.php\/curso-de-programacion-en-php-nivel-1\/","title":{"rendered":"Curso de programaci\u00f3n en PHP nivel 1"},"content":{"rendered":"<p>Compugraf ofrece curso de programaci\u00f3n en PHP en sistemas con GNU\/Linux. Es este curso el alumno aprender\u00e1 a los principios b\u00e1sico de este lenguaje para la creaci\u00f3n de sitios Web din\u00e1micos.<\/p>\n<p>Este curso esta dise\u00f1ado para mostrar las capacidades b\u00e1sicas del lenguaje de programaci\u00f3n PHP, as\u00ed como todas las extensiones necesarias<br \/>\npara interactuar con el usuario, almacenar y consultar la informaci\u00f3n.<\/p>\n<p>Temario:<\/p>\n<p>Unidad 1<\/p>\n<p>1.1 \u00bfQu\u00e9 es?<\/p>\n<p>Funcionamiento de PHP<\/p>\n<p>1.2 Ventajas de PHP<\/p>\n<p>Velocidad<br \/>\nEstabilidad<\/p>\n<p>1.3 \u00bfQue necesitamos?<\/p>\n<p>Servidor Apache<br \/>\nMy SQL<\/p>\n<p>1.4 \u00bfQue puedes hacer con PHP?<\/p>\n<p>1.5 Instalaci\u00f3n<\/p>\n<p>Instalaci\u00f3n de LAMP Server (PHP y MySQL)<br \/>\nEjemplos b\u00e1sicos de PHP<\/p>\n<p>Unidad 2<\/p>\n<p>2.1 Reglas b\u00e1sicas de programaci\u00f3n en PHP<br \/>\n2.2 Sintaxis b\u00e1sica del lenguaje PHP<\/p>\n<p>Comentarios en php<\/p>\n<p>2.3 Mensajes de error y advertencias<br \/>\n2.4 Variables<\/p>\n<p>\u00bfQu\u00e9 es una variable?<br \/>\nAsignaci\u00f3n por referencia<br \/>\nTipos de variables<br \/>\nTipos de datos que almacena una variable<br \/>\nEjemplos con variables<\/p>\n<p>2.5 Constantes<\/p>\n<p>\u00bfQue es una constante?<br \/>\nDeclaraci\u00f3n de constantes<br \/>\nTipos de Constantes<br \/>\nConstantes predefinidas<\/p>\n<p>Unidad 3<\/p>\n<p>3.1 Arrays<\/p>\n<p>Declaraci\u00f3n de los arrays<br \/>\nPuntero interno de arrays<\/p>\n<p>3.1 Operadores<\/p>\n<p>Operadores Aritmeticos<br \/>\nOperadores de Asignaci\u00f3n<br \/>\nOperadores de Bit<br \/>\nOperadores de Comparaci\u00f3n<br \/>\nOperadores L\u00f3gicos<\/p>\n<p>Precedencia de operadores<\/p>\n<p>3.4 Funciones<\/p>\n<p>Creadas por el usuario<\/p>\n<p>Unidad 4<\/p>\n<p>4.1 Estructuras de control en PHP<\/p>\n<p>If \u2026 Else<br \/>\nWhile<br \/>\nDo \u2026 While<br \/>\nFor<br \/>\nSwitch<\/p>\n<p>4.2 Inclusi\u00f3n de ficheros<\/p>\n<p>Include<br \/>\nInclude_once<br \/>\nRequire<br \/>\nRequire_once<\/p>\n<p>Unidad 5<\/p>\n<p>5.1 Trabajando con arrays<\/p>\n<p>Arrays Unidimensionales<br \/>\nArrays Bidimensionales<br \/>\nOrdenacion de arrays<\/p>\n<p>5.2 Trabajando con ficheros<\/p>\n<p>Operaciones con ficheros<br \/>\nOperaciones en ficheros<br \/>\nOperaciones con directorios<\/p>\n<p>Unidad 6<\/p>\n<p>6.1 Formularios<\/p>\n<p>Formularios de Manejo<\/p>\n<p>6.2 Metodos POST<\/p>\n<p>\u00bfQue es?<br \/>\nSintaxis<\/p>\n<p>6.3 Metodos GET<\/p>\n<p>\u00bfQue es?<br \/>\nSintaxis<\/p>\n<p>Unidad 7<\/p>\n<p>7.1 Acceso a Base de datos<\/p>\n<p>Conexi\u00f3n a Base de datos<br \/>\nRealizar una consulta<br \/>\nObtener datos de una consulta<\/p>\n<p><strong>Requisitos previos:<\/strong><\/p>\n<p>Los participantes deber\u00e1n tener conocimientos b\u00e1sicos sistemas de computo, incluyendo los componentes de hardware y software principales, s<\/p>\n<p><strong>Fechas:<\/strong><\/p>\n<p>Consulte el calendario de cursos para m\u00e1s informaci\u00f3n de fechas pr\u00f3ximas o para agendar un curso o contacte nos usando la forma web de contacto.<\/p>\n<p>Horario:Depender\u00e1 del calendario, tenemos cursos de todo el d\u00eda o medios d\u00edas por poner ejemplos, Un curso de d\u00edas completos inicia a las 10:00 AM. y termina a las 5.00 PM. con una hora de comida y un receso a las 11:00 AM.<\/p>\n<p><strong>Duraci\u00f3n: 21 horas<\/strong><\/p>\n<p><strong>Precio:<\/strong><\/p>\n<p>$5000.00 m\u00e1s IVA.<\/p>\n<p>Precios especiales a grupos<\/p>\n<p><strong>Incluye:<\/strong><\/p>\n<p>Curso intensivo con practicas reales.<br \/>\nInstructores certificados con experiencia en entornos de producci\u00f3n.<br \/>\nUn equipo por estudiante.<br \/>\nDiscos de instalaci\u00f3n de distribuciones Linux usadas en curso.<br \/>\nConexi\u00f3n a Internet.<br \/>\nCoffee break.<\/p>\n<p><strong>Lugar:<\/strong><\/p>\n<p>En el centro de capacitaci\u00f3n Compugraf o en la oficinas del cliente<br \/>\nRequisitos previos:<\/p>\n<hr \/>\n","protected":false},"excerpt":{"rendered":"<p>Compugraf ofrece curso de programaci\u00f3n en PHP en sistemas con GNU\/Linux. Es este curso el alumno aprender\u00e1 a los principios b\u00e1sico de este lenguaje para la creaci\u00f3n de sitios Web din\u00e1micos. Este curso esta dise\u00f1ado para mostrar las capacidades b\u00e1sicas del lenguaje de programaci\u00f3n PHP, as\u00ed como todas las extensiones necesarias para interactuar con el &hellip; <\/p>\n<p class=\"link-more\"><a href=\"https:\/\/www.e-compugraf.com\/index.php\/curso-de-programacion-en-php-nivel-1\/\" class=\"more-link\">Continuar leyendo<span class=\"screen-reader-text\"> &#8220;Curso de programaci\u00f3n en PHP nivel 1&#8221;<\/span><\/a><\/p>\n","protected":false},"author":2,"featured_media":0,"parent":0,"menu_order":0,"comment_status":"closed","ping_status":"closed","template":"","meta":{"footnotes":""},"class_list":["post-135","page","type-page","status-publish","hentry"],"_links":{"self":[{"href":"https:\/\/www.e-compugraf.com\/index.php\/wp-json\/wp\/v2\/pages\/135","targetHints":{"allow":["GET"]}}],"collection":[{"href":"https:\/\/www.e-compugraf.com\/index.php\/wp-json\/wp\/v2\/pages"}],"about":[{"href":"https:\/\/www.e-compugraf.com\/index.php\/wp-json\/wp\/v2\/types\/page"}],"author":[{"embeddable":true,"href":"https:\/\/www.e-compugraf.com\/index.php\/wp-json\/wp\/v2\/users\/2"}],"replies":[{"embeddable":true,"href":"https:\/\/www.e-compugraf.com\/index.php\/wp-json\/wp\/v2\/comments?post=135"}],"version-history":[{"count":3,"href":"https:\/\/www.e-compugraf.com\/index.php\/wp-json\/wp\/v2\/pages\/135\/revisions"}],"predecessor-version":[{"id":805,"href":"https:\/\/www.e-compugraf.com\/index.php\/wp-json\/wp\/v2\/pages\/135\/revisions\/805"}],"wp:attachment":[{"href":"https:\/\/www.e-compugraf.com\/index.php\/wp-json\/wp\/v2\/media?parent=135"}],"curies":[{"name":"wp","href":"https:\/\/api.w.org\/{rel}","templated":true}]}}