{"id":138,"date":"2017-03-22T16:42:06","date_gmt":"2017-03-22T22:42:06","guid":{"rendered":"http:\/\/www.e-compugraf.com\/?page_id=138"},"modified":"2023-05-17T17:34:49","modified_gmt":"2023-05-17T23:34:49","slug":"curso-de-respaldo-de-servidores-con-gnu-linux","status":"publish","type":"page","link":"https:\/\/www.e-compugraf.com\/index.php\/curso-de-respaldo-de-servidores-con-gnu-linux\/","title":{"rendered":"Curso de respaldo de servidores con GNU Linux"},"content":{"rendered":"\n<p><\/p>\n\n\n\n<p>Por donde queramos verlo hacer respaldos de datos simplemente significa una cosa: \u201ctranquilidad\u201d.<\/p>\n\n\n\n<p>Sencillo pero cierto, que pasa cuando se da\u00f1a un servidor o computadora simple se sustituye, \u00bfQu\u00e9 pasa cuando se pierde informaci\u00f3n?, ya sea contable, financiera, ventas, dise\u00f1o, fotos, recuperarla puede salir tan caro, claro si es que se puede.<\/p>\n\n\n\n<p>Temario.-<\/p>\n\n\n\n<ol class=\"wp-block-list\">\n<li>Qu\u00e9 es un sistema de respaldo<\/li>\n\n\n\n<li>Respaldo de sistema operativo Linux<\/li>\n\n\n\n<li>Respaldo de datos<\/li>\n\n\n\n<li>Utilizando tar<\/li>\n\n\n\n<li>Respaldos remotos<\/li>\n\n\n\n<li>Rotaci\u00f3n<\/li>\n\n\n\n<li>Respaldos incrementales<\/li>\n\n\n\n<li>Respaldo full<\/li>\n\n\n\n<li>Restauraci\u00f3n de datos<\/li>\n<\/ol>\n\n\n\n<p>Requisitos: Conocimientos de Administraci\u00f3n de GNU\/Linux y redes<\/p>\n\n\n\n<p>Duraci\u00f3n: 16 horas<\/p>\n\n\n\n<p><strong>Requisitos previos:<\/strong><\/p>\n\n\n\n<p>Este es un curso de nivel avanzado por lo cual se requiere que los participantes tengan conocimientos solidos en redes TCP\/IP as\u00ed como en la instalaci\u00f3n y configuraci\u00f3n de servidores GNU\/Linux.<br><strong>Horario:<\/strong><\/p>\n\n\n\n<p>Pueden ser d\u00edas completos o medios d\u00edas<\/p>\n\n\n\n<p><strong>Precio<\/strong>: $6,500.00 pesos m\u00e1s IVA por persona<\/p>\n\n\n\n<p><strong>Incluye:<\/strong><\/p>\n\n\n\n<p>Curso intensivo con practicas reales.<br>Instructores certificados con experiencia en entornos de producci\u00f3n.<br>Un equipo por estudiante.<br>Discos de instalaci\u00f3n de distribuciones Linux usadas en curso.<br>Conexi\u00f3n a Internet.<br>Coffee break.<\/p>\n\n\n\n<p><strong>Lugar:<\/strong><\/p>\n\n\n\n<p>En el centro de capacitaci\u00f3n Compugraf o en la oficinas del cliente<br>Requisitos previos:<\/p>\n\n\n\n<p><strong>Horario:<\/strong>Depender\u00e1 del calendario, tenemos cursos de todo el d\u00eda o medios d\u00edas por poner ejemplos, Un curso de d\u00edas completos inicia a las 10:00 AM. y termina a las 5.00 PM. con una hora de comida y un receso a las 11:00 AM.<\/p>\n\n\n\n<p><strong>Incluye:<\/strong><\/p>\n\n\n\n<p>Curso intensivo con practicas reales.<br>Instructores certificados con experiencia en entornos de producci\u00f3n.<br>Un equipo por estudiante.<br>Discos de instalaci\u00f3n de distribuciones Linux usadas en curso.<br>Conexi\u00f3n a Internet.<br>Coffee break.<\/p>\n","protected":false},"excerpt":{"rendered":"<p>Por donde queramos verlo hacer respaldos de datos simplemente significa una cosa: \u201ctranquilidad\u201d. Sencillo pero cierto, que pasa cuando se da\u00f1a un servidor o computadora simple se sustituye, \u00bfQu\u00e9 pasa cuando se pierde informaci\u00f3n?, ya sea contable, financiera, ventas, dise\u00f1o, fotos, recuperarla puede salir tan caro, claro si es que se puede. Temario.- Requisitos: Conocimientos &hellip; <\/p>\n<p class=\"link-more\"><a href=\"https:\/\/www.e-compugraf.com\/index.php\/curso-de-respaldo-de-servidores-con-gnu-linux\/\" class=\"more-link\">Continuar leyendo<span class=\"screen-reader-text\"> &#8220;Curso de respaldo de servidores con GNU Linux&#8221;<\/span><\/a><\/p>\n","protected":false},"author":3,"featured_media":0,"parent":0,"menu_order":0,"comment_status":"closed","ping_status":"closed","template":"","meta":{"footnotes":""},"class_list":["post-138","page","type-page","status-publish","hentry"],"_links":{"self":[{"href":"https:\/\/www.e-compugraf.com\/index.php\/wp-json\/wp\/v2\/pages\/138","targetHints":{"allow":["GET"]}}],"collection":[{"href":"https:\/\/www.e-compugraf.com\/index.php\/wp-json\/wp\/v2\/pages"}],"about":[{"href":"https:\/\/www.e-compugraf.com\/index.php\/wp-json\/wp\/v2\/types\/page"}],"author":[{"embeddable":true,"href":"https:\/\/www.e-compugraf.com\/index.php\/wp-json\/wp\/v2\/users\/3"}],"replies":[{"embeddable":true,"href":"https:\/\/www.e-compugraf.com\/index.php\/wp-json\/wp\/v2\/comments?post=138"}],"version-history":[{"count":5,"href":"https:\/\/www.e-compugraf.com\/index.php\/wp-json\/wp\/v2\/pages\/138\/revisions"}],"predecessor-version":[{"id":797,"href":"https:\/\/www.e-compugraf.com\/index.php\/wp-json\/wp\/v2\/pages\/138\/revisions\/797"}],"wp:attachment":[{"href":"https:\/\/www.e-compugraf.com\/index.php\/wp-json\/wp\/v2\/media?parent=138"}],"curies":[{"name":"wp","href":"https:\/\/api.w.org\/{rel}","templated":true}]}}