{"id":25,"date":"2017-02-22T16:06:27","date_gmt":"2017-02-22T22:06:27","guid":{"rendered":"http:\/\/www.e-compugraf.com\/?page_id=25"},"modified":"2026-01-28T18:30:12","modified_gmt":"2026-01-29T00:30:12","slug":"conozcanos","status":"publish","type":"page","link":"https:\/\/www.e-compugraf.com\/index.php\/conozcanos\/","title":{"rendered":"Con\u00f3zcanos"},"content":{"rendered":"<p>&#8221; <strong>Ofrecer las m\u00e1s eficientes y modernas tecnolog\u00edas de computo al sector empresarial, educativo, personal, gobierno&#8221;<\/strong><\/p>\n<p><img loading=\"lazy\" decoding=\"async\" class=\"wp-image-60 alignleft\" src=\"https:\/\/www.e-compugraf.com\/wp-content\/uploads\/2017\/02\/logo-compugraf-1-300x269.jpg\" alt=\"\" width=\"132\" height=\"118\" srcset=\"https:\/\/www.e-compugraf.com\/wp-content\/uploads\/2017\/02\/logo-compugraf-1-300x269.jpg 300w, https:\/\/www.e-compugraf.com\/wp-content\/uploads\/2017\/02\/logo-compugraf-1.jpg 353w\" sizes=\"auto, (max-width: 132px) 100vw, 132px\" \/><\/p>\n<p>Empresa mexicana que desde sus inicios a sido un referente tecnol\u00f3gico en computo y tecnolog\u00edas de la informaci\u00f3n, siendo uno de nuestros objetivos brindar soluciones de alto nivel y poner toda nuestra experiencia al servicio del mercado nacional e internacional con la finalidad de facilitar su aplicaci\u00f3n e integraci\u00f3n en cualquiera de las ramas de la industria, la educaci\u00f3n, el gobierno, el hogar y en general en toda area del conocimiento humano y los negocios.<\/p>\n<p>Objetivos que hemos cumplido por m\u00e1s de 26 a\u00f1os, si, nacimos en el a\u00f1o de 1991.<\/p>\n<h1 class=\"wp-block wp-block-post-title block-editor-block-list__block editor-post-title editor-post-title__input rich-text is-selected\" role=\"textbox\" contenteditable=\"true\" aria-label=\"A\u00f1adir t\u00edtulo\" aria-multiline=\"true\">&#8220;Si la soluci\u00f3n no existe, nosotros la creamos&#8221;<\/h1>\n<p>Basamos nuestra propuesta en standares abiertos y software libre, nuestras oficinas se encuentra ubicadas en la Ciudad de M\u00e9xico pero atendemos cualquier proyecto o requerimiento a lo largo y ancho de M\u00e9xico y el resto del mundo, si antes las barreras de la distancia no eran impedimento para nosotros, hoy con las tecnolog\u00edas de comunicaci\u00f3n modernos el mundo se ha vuelto totalmente accesible a nuestros servicios, internet la gran carretera de la infomaci\u00f3n a estrechado el mundo poniendo cualquier lugar al alcance de nuestros dedos, todo mediante una terminal de computo, nuestra capacidad t\u00e9cnica y log\u00edstica para solucionar un problema o atender un requerimiento esta a sus ordenes.<\/p>\n<p><strong>COMPUGRAF<\/strong> ha participado en una amplia variedad de eventos, fundador de iniciativas como el Congreso Nacional de Software Libre (CONSOL) en Febrero del 2002 y por m\u00e1s de 6 a\u00f1os miembros activos, CONSOL fue durante su tiempo de vida el referente m\u00e1s mportante de CONGRESO basado en <strong>GNU\/Linux y software libre<\/strong>. De igual forma se ha participado en LinuxWorld; en este evento adem\u00e1s de ser expositores, nuestro Director General Alejandro S\u00e1nchez fue miembro del Comit\u00e9 Consultivo e imparti\u00f3 varias conferencias. se ha visitado una cantidad innumerable de escuelas, institutos, asociaciones civiles, colectivos, empresas, instituciones de gobierno compartiendo nuestras experiencias y propuestas tecnol\u00f3gicas, teniendo una gran aceptaci\u00f3n nuestras propuestas.<\/p>\n<p>Entre los proyectos que resaltan est\u00e1 red-libre.org, <em>un proyecto cuyo objetivo fue apoyar a proyectos mexicanos de Software Libre con espacio para sitios web, listas de correo, IRC, sin costo alguno, naciendo de esta iniciativa ideas y proyectos muy importantes.<\/em><\/p>\n<p>Miembro de Linux Professional Institute (LPI) desde el 2005, instancia que promueve la certificaci\u00f3n y valoraci\u00f3n profesional en <strong>GNU\/Linux y software libre<\/strong> con reconocida presencia internacional.<\/p>\n<p>Durante este tiempo se han impartido un n\u00famero incontable e conferencias en universidades, institutos, c\u00e1maras de comercio, escuelas de nivel medio superior, secundarias, primarias, y todo lugar a donde se tenga inter\u00e9s por conocer lo m\u00e1s actual de las tecnolog\u00edas libres , mencionar a cada una de ellas ser\u00ada imposible.<\/p>\n<p><strong>Miembro de la Free Software Fundation www.fsf.org<\/strong><\/p>\n<p>Gracias a todo este trabajo hemos llegado a altos standares tecnol\u00f3gicos lo que nos permite asesorar a cientos de empresas de todo tipo, desde la micro y peque\u00f1a hasta corporativos multinacionales, tanto en M\u00e9xico como en el resto del mundo. El tama\u00f1o del proyecto, chico o grande no es un obst\u00e1culo sino un reto a vencer. Una oportunidad de ser mejores.<\/p>\n<p>Entre los clientes que han confiado en nuestras propuestas podemos mencionara entre otros a Ibope AGB, Lincoln Electric, Senado de la Rep\u00fablica, IPSOS, UNAM, POLITECNICO, TINSA, Ericcson; GANON,COPPEL, SUSE, ARTIPLAVIN, GFIDALEX, IFE, HP, SUN, COMPUCENTRO, Mangueras especializadas y un largu\u00edsimo etc.<\/p>\n<p>Este arduo trabajo por la difusi\u00f3n e implementaci\u00f3n de standares abierto y software libre nos ha dado la oportunidad de conocer a grandes personalidad del mundo pol\u00edtico, de negocios y de TI entre ellos nos gustar\u00eda mencionar a un gran amigo, <strong>Richard Stallman<\/strong>, fundador del movimiento del <strong>software Libre y GNU<\/strong>. Amigo personal y de la familia de nuestro directos general Alejandro S\u00e1nchez (Lurkan) y su esposa, nuestra directoria del \u00c1rea de ventas Iliana Hern\u00e1ndez.<\/p>\n<p>Compugraf una empresa mexicana de TI, con lo mejor de las propuestas tecnol\u00f3gicas del mundo listas para ponerlas a sus servicio.<\/p>\n\n\n\n\n\n<p><\/p>\n","protected":false},"excerpt":{"rendered":"<p>&#8221; Ofrecer las m\u00e1s eficientes y modernas tecnolog\u00edas de computo al sector empresarial, educativo, personal, gobierno&#8221; Empresa mexicana que desde sus inicios a sido un referente tecnol\u00f3gico en computo y tecnolog\u00edas de la informaci\u00f3n, siendo uno de nuestros objetivos brindar soluciones de alto nivel y poner toda nuestra experiencia al servicio del mercado nacional e &hellip; <\/p>\n<p class=\"link-more\"><a href=\"https:\/\/www.e-compugraf.com\/index.php\/conozcanos\/\" class=\"more-link\">Continuar leyendo<span class=\"screen-reader-text\"> &#8220;Con\u00f3zcanos&#8221;<\/span><\/a><\/p>\n","protected":false},"author":2,"featured_media":0,"parent":0,"menu_order":0,"comment_status":"closed","ping_status":"closed","template":"","meta":{"footnotes":""},"class_list":["post-25","page","type-page","status-publish","hentry"],"_links":{"self":[{"href":"https:\/\/www.e-compugraf.com\/index.php\/wp-json\/wp\/v2\/pages\/25","targetHints":{"allow":["GET"]}}],"collection":[{"href":"https:\/\/www.e-compugraf.com\/index.php\/wp-json\/wp\/v2\/pages"}],"about":[{"href":"https:\/\/www.e-compugraf.com\/index.php\/wp-json\/wp\/v2\/types\/page"}],"author":[{"embeddable":true,"href":"https:\/\/www.e-compugraf.com\/index.php\/wp-json\/wp\/v2\/users\/2"}],"replies":[{"embeddable":true,"href":"https:\/\/www.e-compugraf.com\/index.php\/wp-json\/wp\/v2\/comments?post=25"}],"version-history":[{"count":20,"href":"https:\/\/www.e-compugraf.com\/index.php\/wp-json\/wp\/v2\/pages\/25\/revisions"}],"predecessor-version":[{"id":1003,"href":"https:\/\/www.e-compugraf.com\/index.php\/wp-json\/wp\/v2\/pages\/25\/revisions\/1003"}],"wp:attachment":[{"href":"https:\/\/www.e-compugraf.com\/index.php\/wp-json\/wp\/v2\/media?parent=25"}],"curies":[{"name":"wp","href":"https:\/\/api.w.org\/{rel}","templated":true}]}}