{"id":28,"date":"2017-02-22T16:08:14","date_gmt":"2017-02-22T22:08:14","guid":{"rendered":"http:\/\/www.e-compugraf.com\/?page_id=28"},"modified":"2026-01-14T19:49:58","modified_gmt":"2026-01-15T01:49:58","slug":"nuestra-oficinas","status":"publish","type":"page","link":"https:\/\/www.e-compugraf.com\/index.php\/nuestra-oficinas\/","title":{"rendered":"Contacto"},"content":{"rendered":"<p><strong>Nuestra direcci\u00f3n en la Ciudad de M\u00e9xico es:<\/strong><\/p>\n<p>Calle Norte 72\u00a0 #5836 Bis Col Bondojito<br \/>\nCP 07850, Del Gustavo A. Madero. Ciudad de M\u00e9xico, Entre Av. Henry Ford y Av. Victoria<\/p>\n<p>Puede llamarnos al nuestros tel\u00e9fonos en la Ciudad de M\u00e9xico<\/p>\n<p><strong>55-55-51-40-72\u00a0\u00a0 * \u00a0 55-55-51-98-68\u00a0\u00a0 * \u00a0 55-54-31-27-64<\/strong><\/p>\n<p>Con gusto le atenderemos de las 9:00 a las 18:00 de lunes a viernes.<\/p>\n<p>Nuestro corre es <strong>ventas@e-compugraf.com<\/strong><\/p>\n<p>O directo por <strong>telegram<\/strong> o <strong>whatsapp ( 55 54 31 27 64)\u00a0 (55 54 06 33 06)<\/strong><\/p>\n<p>Puede llenar este formulario y nosotros estaremos comunic\u00e1ndonos con usted.<\/p>\n\n<div class=\"wpcf7 no-js\" id=\"wpcf7-f322-o1\" lang=\"es-MX\" dir=\"ltr\" data-wpcf7-id=\"322\">\n<div class=\"screen-reader-response\"><p role=\"status\" aria-live=\"polite\" aria-atomic=\"true\"><\/p> <ul><\/ul><\/div>\n<form action=\"\/index.php\/wp-json\/wp\/v2\/pages\/28#wpcf7-f322-o1\" method=\"post\" class=\"wpcf7-form init\" aria-label=\"Formulario de contacto\" novalidate=\"novalidate\" data-status=\"init\">\n<fieldset class=\"hidden-fields-container\"><input type=\"hidden\" name=\"_wpcf7\" value=\"322\" \/><input type=\"hidden\" name=\"_wpcf7_version\" value=\"6.1.4\" \/><input type=\"hidden\" name=\"_wpcf7_locale\" value=\"es_MX\" \/><input type=\"hidden\" name=\"_wpcf7_unit_tag\" value=\"wpcf7-f322-o1\" \/><input type=\"hidden\" name=\"_wpcf7_container_post\" value=\"0\" \/><input type=\"hidden\" name=\"_wpcf7_posted_data_hash\" value=\"\" \/><input type=\"hidden\" name=\"_wpcf7_recaptcha_response\" value=\"\" \/>\n<\/fieldset>\n<p>*************************************************************************************<br \/>\n<label>Formulario de contacto , gracias, estaremos en contacto con usted.<\/label><br \/>\n<label> Su nombre(required)<br \/>\n<span class=\"wpcf7-form-control-wrap\" data-name=\"your-name\"><input size=\"40\" maxlength=\"400\" class=\"wpcf7-form-control wpcf7-text wpcf7-validates-as-required\" aria-required=\"true\" aria-invalid=\"false\" value=\"\" type=\"text\" name=\"your-name\" \/><\/span> <\/label>\n<\/p>\n<p><label> Su correo (required)<br \/>\n<span class=\"wpcf7-form-control-wrap\" data-name=\"your-email\"><input size=\"40\" maxlength=\"400\" class=\"wpcf7-form-control wpcf7-email wpcf7-validates-as-required wpcf7-text wpcf7-validates-as-email\" aria-required=\"true\" aria-invalid=\"false\" value=\"\" type=\"email\" name=\"your-email\" \/><\/span> <\/label>\n<\/p>\n<p><label> Titulo de el mensaje<br \/>\n<span class=\"wpcf7-form-control-wrap\" data-name=\"your-subject\"><input size=\"40\" maxlength=\"400\" class=\"wpcf7-form-control wpcf7-text\" aria-invalid=\"false\" value=\"\" type=\"text\" name=\"your-subject\" \/><\/span> <\/label>\n<\/p>\n<p><label> Mensaje<br \/>\n<span class=\"wpcf7-form-control-wrap\" data-name=\"your-message\"><textarea cols=\"40\" rows=\"10\" maxlength=\"2000\" class=\"wpcf7-form-control wpcf7-textarea\" aria-invalid=\"false\" name=\"your-message\"><\/textarea><\/span> <\/label>\n<\/p>\n<p><input class=\"wpcf7-form-control wpcf7-submit has-spinner\" type=\"submit\" value=\"Send\" \/>\n<\/p><p style=\"display: none !important;\" class=\"akismet-fields-container\" data-prefix=\"_wpcf7_ak_\"><label>&#916;<textarea name=\"_wpcf7_ak_hp_textarea\" cols=\"45\" rows=\"8\" maxlength=\"100\"><\/textarea><\/label><input type=\"hidden\" id=\"ak_js_1\" name=\"_wpcf7_ak_js\" value=\"218\"\/><script>document.getElementById( \"ak_js_1\" ).setAttribute( \"value\", ( new Date() ).getTime() );<\/script><\/p><div class=\"wpcf7-response-output\" aria-hidden=\"true\"><\/div>\n<\/form>\n<\/div>\n\n<p><strong>*****************************************************************<\/strong><\/p>\n<p><strong>Metro:<\/strong><br \/>\nEstaci\u00f3n <strong>Bondojito<\/strong> o Estaci\u00f3n <strong>Talisman<\/strong> Linea 4<\/p>\n<p><strong>Metrobus:<\/strong><br \/>\nParada <strong>Estaci\u00f3n Victoria<\/strong>. L\u00ednea 5<\/p>\n<p><code><br \/>\n<iframe loading=\"lazy\" style=\"border: 0;\" src=\"https:\/\/www.google.com\/maps\/embed?pb=!1m18!1m12!1m3!1d235.10829414241303!2d-99.10637752943212!3d19.467087853589423!2m3!1f0!2f0!3f0!3m2!1i1024!2i768!4f13.1!3m3!1m2!1s0x85d1f96382ff8781%3A0x364592c62684731d!2sCompugraf!5e0!3m2!1ses!2smx!4v1490819327744\" width=\"600\" height=\"450\" frameborder=\"0\" allowfullscreen=\"allowfullscreen\"><\/iframe><\/code><\/p>\n","protected":false},"excerpt":{"rendered":"<p>Nuestra direcci\u00f3n en la Ciudad de M\u00e9xico es: Calle Norte 72\u00a0 #5836 Bis Col Bondojito CP 07850, Del Gustavo A. Madero. Ciudad de M\u00e9xico, Entre Av. Henry Ford y Av. Victoria Puede llamarnos al nuestros tel\u00e9fonos en la Ciudad de M\u00e9xico 55-55-51-40-72\u00a0\u00a0 * \u00a0 55-55-51-98-68\u00a0\u00a0 * \u00a0 55-54-31-27-64 Con gusto le atenderemos de las 9:00 &hellip; <\/p>\n<p class=\"link-more\"><a href=\"https:\/\/www.e-compugraf.com\/index.php\/nuestra-oficinas\/\" class=\"more-link\">Continuar leyendo<span class=\"screen-reader-text\"> &#8220;Contacto&#8221;<\/span><\/a><\/p>\n","protected":false},"author":2,"featured_media":0,"parent":0,"menu_order":0,"comment_status":"closed","ping_status":"closed","template":"","meta":{"footnotes":""},"class_list":["post-28","page","type-page","status-publish","hentry"],"_links":{"self":[{"href":"https:\/\/www.e-compugraf.com\/index.php\/wp-json\/wp\/v2\/pages\/28","targetHints":{"allow":["GET"]}}],"collection":[{"href":"https:\/\/www.e-compugraf.com\/index.php\/wp-json\/wp\/v2\/pages"}],"about":[{"href":"https:\/\/www.e-compugraf.com\/index.php\/wp-json\/wp\/v2\/types\/page"}],"author":[{"embeddable":true,"href":"https:\/\/www.e-compugraf.com\/index.php\/wp-json\/wp\/v2\/users\/2"}],"replies":[{"embeddable":true,"href":"https:\/\/www.e-compugraf.com\/index.php\/wp-json\/wp\/v2\/comments?post=28"}],"version-history":[{"count":21,"href":"https:\/\/www.e-compugraf.com\/index.php\/wp-json\/wp\/v2\/pages\/28\/revisions"}],"predecessor-version":[{"id":1020,"href":"https:\/\/www.e-compugraf.com\/index.php\/wp-json\/wp\/v2\/pages\/28\/revisions\/1020"}],"wp:attachment":[{"href":"https:\/\/www.e-compugraf.com\/index.php\/wp-json\/wp\/v2\/media?parent=28"}],"curies":[{"name":"wp","href":"https:\/\/api.w.org\/{rel}","templated":true}]}}