{"id":70,"date":"2017-03-15T19:06:23","date_gmt":"2017-03-16T01:06:23","guid":{"rendered":"http:\/\/www.e-compugraf.com\/?page_id=70"},"modified":"2019-12-06T18:10:43","modified_gmt":"2019-12-07T00:10:43","slug":"curso-de-fundamentos-en-gnulinux","status":"publish","type":"page","link":"https:\/\/www.e-compugraf.com\/index.php\/curso-de-fundamentos-en-gnulinux\/","title":{"rendered":"Curso de Fundamentos en GNU Linux."},"content":{"rendered":"\n<p>Siempre has querido iniciar en el mundo de GNU Linux y no sabes por donde, Compugraf tiene la soluci\u00f3n, estamos lanzando el curso de fundamentos en GNU Linux.<\/p>\n\n\n\n<p>Para este curso no es necesario tener alg\u00fan conocimientos previos, este curso esta dise\u00f1ado para que aprendas las herramientas b\u00e1sicas para usar sistemas GNU Linux, ya no esperes m\u00e1s, se de los profesionales que las empresas est\u00e1n<br>solicitando hoy en d\u00eda.<\/p>\n\n\n\n<p><strong>Objetivos<\/strong><\/p>\n\n\n\n<p>Este curso esta dise\u00f1ado para que las y los participantes conozcan la existencia del Software Libre, su historia, caracter\u00edsticas, principios y ventajas, as\u00ed como adquieran los conocimientos necesarios para realizar la instalaci\u00f3n, configuraci\u00f3n, utilizaci\u00f3n, administraci\u00f3n y personalizaci\u00f3n del sistema operativo GNU Linux en una computadora a trav\u00e9s de la exploraci\u00f3n y la utilizaci\u00f3n b\u00e1sica de algunos programas por l\u00ednea de comandos y aplicaciones gr\u00e1ficas.<\/p>\n\n\n\n<p>Temario<\/p>\n\n\n\n<p>1.-\u00bfQu\u00e9 es el Software Libre?<\/p>\n\n\n\n<p>Historia y caracter\u00edsticas del Software Libre.<br>Ventajas del uso de Software Libre.<\/p>\n\n\n\n<p>Porque GNU linux y no solo Linux.<\/p>\n\n\n\n<p>Licencias en GNU Linux<br>Distribuciones de GNU Linux m\u00e1s usadas<\/p>\n\n\n\n<p>2.- Instalaci\u00f3n de GNU  Linux<\/p>\n\n\n\n<p>Estrategias de particionado de disco duro<br>Instalaci\u00f3n de hardware<br>Usuario root<br>Creaci\u00f3n de usuarios adicionales<br>Configuraci\u00f3n red.<\/p>\n\n\n\n<p>3.- Uso de comandos a trav\u00e9s de la terminal.<\/p>\n\n\n\n<p>Uso de Shell para administrar GNU\/Linux<br>Comandos b\u00e1sicos en Shell :cd, ls, mkdir, rm, rv, cp<br>Arbol de directorios.<br>Permisos de directorios y archivos<br>Uso del editor de texto vim.<\/p>\n\n\n\n<p>4.- Instalaci\u00f3n de programas<\/p>\n\n\n\n<p>Que es un repositorio<br>Localizaci\u00f3n de repositorios<br>Instalaci\u00f3n de programas aptitude, dpkg, apt, apt-get y archivos binarios.<br>Actualizaci\u00f3n de versiones.<\/p>\n\n\n\n<p>5.- Uso de entorno gr\u00e1fico<\/p>\n\n\n\n<p>Como crear escritorios<br>Herramientas de oficinas , libreoffice<br>Manejo Correo electr\u00f3nico y agenda con Kontact Thunderbird.<br>Mensajer\u00eda instant\u00e1nea.<\/p>\n\n\n\n<p>Requisitos previos:Este curso no requiere conocimientos previos de GNU \/ Linux.<\/p>\n\n\n\n<p>Duraci\u00f3n 21 horas<\/p>\n\n\n\n<p>Horario: A acordar.<\/p>\n","protected":false},"excerpt":{"rendered":"<p>Siempre has querido iniciar en el mundo de GNU Linux y no sabes por donde, Compugraf tiene la soluci\u00f3n, estamos lanzando el curso de fundamentos en GNU Linux. Para este curso no es necesario tener alg\u00fan conocimientos previos, este curso esta dise\u00f1ado para que aprendas las herramientas b\u00e1sicas para usar sistemas GNU Linux, ya no &hellip; <\/p>\n<p class=\"link-more\"><a href=\"https:\/\/www.e-compugraf.com\/index.php\/curso-de-fundamentos-en-gnulinux\/\" class=\"more-link\">Continuar leyendo<span class=\"screen-reader-text\"> &#8220;Curso de Fundamentos en GNU Linux.&#8221;<\/span><\/a><\/p>\n","protected":false},"author":2,"featured_media":0,"parent":0,"menu_order":0,"comment_status":"closed","ping_status":"closed","template":"","meta":{"footnotes":""},"class_list":["post-70","page","type-page","status-publish","hentry"],"_links":{"self":[{"href":"https:\/\/www.e-compugraf.com\/index.php\/wp-json\/wp\/v2\/pages\/70","targetHints":{"allow":["GET"]}}],"collection":[{"href":"https:\/\/www.e-compugraf.com\/index.php\/wp-json\/wp\/v2\/pages"}],"about":[{"href":"https:\/\/www.e-compugraf.com\/index.php\/wp-json\/wp\/v2\/types\/page"}],"author":[{"embeddable":true,"href":"https:\/\/www.e-compugraf.com\/index.php\/wp-json\/wp\/v2\/users\/2"}],"replies":[{"embeddable":true,"href":"https:\/\/www.e-compugraf.com\/index.php\/wp-json\/wp\/v2\/comments?post=70"}],"version-history":[{"count":13,"href":"https:\/\/www.e-compugraf.com\/index.php\/wp-json\/wp\/v2\/pages\/70\/revisions"}],"predecessor-version":[{"id":669,"href":"https:\/\/www.e-compugraf.com\/index.php\/wp-json\/wp\/v2\/pages\/70\/revisions\/669"}],"wp:attachment":[{"href":"https:\/\/www.e-compugraf.com\/index.php\/wp-json\/wp\/v2\/media?parent=70"}],"curies":[{"name":"wp","href":"https:\/\/api.w.org\/{rel}","templated":true}]}}