{"id":79,"date":"2017-03-16T17:12:31","date_gmt":"2017-03-16T23:12:31","guid":{"rendered":"http:\/\/www.e-compugraf.com\/?page_id=79"},"modified":"2023-05-18T18:54:18","modified_gmt":"2023-05-19T00:54:18","slug":"curso-de-avanzado-de-instalacion-y-configuracion-de-servidor-de-correos","status":"publish","type":"page","link":"https:\/\/www.e-compugraf.com\/index.php\/curso-de-avanzado-de-instalacion-y-configuracion-de-servidor-de-correos\/","title":{"rendered":"Curso de Avanzado de instalaci\u00f3n y Configuraci\u00f3n de servidor de correos"},"content":{"rendered":"<p>Sin importar el tama\u00f1o de la empresa, giro comercial, ubicaci\u00f3n, cantidad de empleados, siempre el correo electr\u00f3nico es una herramienta indispensable para el funcionamiento de la misma.<\/p>\n<p><strong>Objetivos:<\/strong><\/p>\n<p>El alumno aprender\u00e1 a instalar y configurar un servidor de correos sobre sistemas GNU Linux, utilizando herramientas de software libre.<br>Temario.<\/p>\n<p>Como funciona un servidor de correos.<\/p>\n<ol>\n<li>Partes de un servidor de correos<\/li>\n<li>Importancia de la propiedad de los dominios en internet.<\/li>\n<li>Especificaciones de hardware para un servidor de correos.<\/li>\n<li>Instalaci\u00f3n y configuraci\u00f3n de Postfix<\/li>\n<li>Creaci\u00f3n de Dominios y Subdominios<\/li>\n<li>Configuraci\u00f3n de Dovecot, Protocolos IMAP. POP3<\/li>\n<li>Configuraci\u00f3n de mail<\/li>\n<li>Configuraci\u00f3n de correo seguro -SSL-<\/li>\n<li>Creaci\u00f3n de cuentas de correos con Postfixadmin<\/li>\n<li>Instalaci\u00f3n y configuraci\u00f3n de Webmail -roundcube-<\/li>\n<li>Configuraci\u00f3n de antispam SpamAssassin, filtros y reglas para correo no deseado<\/li>\n<li>Configuraci\u00f3n de antivirus para correos. ClamAV<br><strong>Nota:<\/strong> La configuraci\u00f3n y pruebas de este curso se realizan en servidores reales , vivos, que se configuran a trav\u00e9s de internet, para que las pruebas de env\u00edo y recepci\u00f3n\u201e de correos electr\u00f3nicos sean reales.<\/li>\n<\/ol>\n<p><strong>Requerimientos: conocimientos b\u00e1sicos de GNU Linux y redes<\/strong><\/p>\n<p>Duraci\u00f3n: 29 horas,<\/p>\n<p><strong>Incluye:<\/strong><\/p>\n<p>Curso intensivo con practicas reales.<br>Reconocimientos<br>Instructores con experiencia en entornos de producci\u00f3n.<br>Un equipo por estudiante y pr\u00e1ctica en servidores reales en internet<br>Discos de instalaci\u00f3n de distribuciones GNU Linux usadas en curso.<br>Conexi\u00f3n a Internet.<\/p>\n<p>Caf\u00e9, galletas, desayuno.<\/p>\n<p><\/p>\n\n\n<p><\/p>\n\n\n\n<div class=\"wp-block-contact-form-7-contact-form-selector\">\n<div class=\"wpcf7 no-js\" id=\"wpcf7-f865-o1\" lang=\"es-MX\" dir=\"ltr\" data-wpcf7-id=\"865\">\n<div class=\"screen-reader-response\"><p role=\"status\" aria-live=\"polite\" aria-atomic=\"true\"><\/p> <ul><\/ul><\/div>\n<form action=\"\/index.php\/wp-json\/wp\/v2\/pages\/79#wpcf7-f865-o1\" method=\"post\" class=\"wpcf7-form init\" aria-label=\"Formulario de contacto\" novalidate=\"novalidate\" data-status=\"init\">\n<fieldset class=\"hidden-fields-container\"><input type=\"hidden\" name=\"_wpcf7\" value=\"865\" \/><input type=\"hidden\" name=\"_wpcf7_version\" value=\"6.1.4\" \/><input type=\"hidden\" name=\"_wpcf7_locale\" value=\"es_MX\" \/><input type=\"hidden\" name=\"_wpcf7_unit_tag\" value=\"wpcf7-f865-o1\" \/><input type=\"hidden\" name=\"_wpcf7_container_post\" value=\"0\" \/><input type=\"hidden\" name=\"_wpcf7_posted_data_hash\" value=\"\" \/><input type=\"hidden\" name=\"_wpcf7_recaptcha_response\" value=\"\" \/>\n<\/fieldset>\n<p><label> Tu nombre<br \/>\n<span class=\"wpcf7-form-control-wrap\" data-name=\"your-name\"><input size=\"40\" maxlength=\"400\" class=\"wpcf7-form-control wpcf7-text wpcf7-validates-as-required\" autocomplete=\"name\" aria-required=\"true\" aria-invalid=\"false\" value=\"\" type=\"text\" name=\"your-name\" \/><\/span> <\/label>\n<\/p>\n<p><label> Tu correo electr\u00f3nico<br \/>\n<span class=\"wpcf7-form-control-wrap\" data-name=\"your-email\"><input size=\"40\" maxlength=\"400\" class=\"wpcf7-form-control wpcf7-email wpcf7-validates-as-required wpcf7-text wpcf7-validates-as-email\" autocomplete=\"email\" aria-required=\"true\" aria-invalid=\"false\" value=\"\" type=\"email\" name=\"your-email\" \/><\/span> <\/label>\n<\/p>\n<p><label> Asunto<br \/>\n<span class=\"wpcf7-form-control-wrap\" data-name=\"text-482\"><input size=\"40\" maxlength=\"400\" class=\"wpcf7-form-control wpcf7-text\" aria-invalid=\"false\" placeholder=\"enviar informacino del curso de correos multidominio\" value=\"\" type=\"text\" name=\"text-482\" \/><\/span><br \/>\n<\/label>\n<\/p>\n<p><label> Tu mensaje (opcional)<br \/>\n<span class=\"wpcf7-form-control-wrap\" data-name=\"your-message\"><textarea cols=\"40\" rows=\"10\" maxlength=\"2000\" class=\"wpcf7-form-control wpcf7-textarea\" aria-invalid=\"false\" name=\"your-message\"><\/textarea><\/span> <\/label>\n<\/p>\n<p><input class=\"wpcf7-form-control wpcf7-submit has-spinner\" type=\"submit\" value=\"Enviar\" \/>\n<\/p>\n<p>Este formulario usa Akismet para reducir el spam. <a target=\"_blank\" rel=\"nofollow noopener\" href=\"https:\/\/akismet.com\/privacy\/\">Aprenda c\u00f3mo sus datos son procesados.<\/a>\n<\/p><p style=\"display: none !important;\" class=\"akismet-fields-container\" data-prefix=\"_wpcf7_ak_\"><label>&#916;<textarea name=\"_wpcf7_ak_hp_textarea\" cols=\"45\" rows=\"8\" maxlength=\"100\"><\/textarea><\/label><input type=\"hidden\" id=\"ak_js_1\" name=\"_wpcf7_ak_js\" value=\"98\"\/><script>document.getElementById( \"ak_js_1\" ).setAttribute( \"value\", ( new Date() ).getTime() );<\/script><\/p><div class=\"wpcf7-response-output\" aria-hidden=\"true\"><\/div>\n<\/form>\n<\/div>\n<\/div>\n","protected":false},"excerpt":{"rendered":"<p>Sin importar el tama\u00f1o de la empresa, giro comercial, ubicaci\u00f3n, cantidad de empleados, siempre el correo electr\u00f3nico es una herramienta indispensable para el funcionamiento de la misma. Objetivos: El alumno aprender\u00e1 a instalar y configurar un servidor de correos sobre sistemas GNU Linux, utilizando herramientas de software libre.Temario. Como funciona un servidor de correos. Partes &hellip; <\/p>\n<p class=\"link-more\"><a href=\"https:\/\/www.e-compugraf.com\/index.php\/curso-de-avanzado-de-instalacion-y-configuracion-de-servidor-de-correos\/\" class=\"more-link\">Continuar leyendo<span class=\"screen-reader-text\"> &#8220;Curso de Avanzado de instalaci\u00f3n y Configuraci\u00f3n de servidor de correos&#8221;<\/span><\/a><\/p>\n","protected":false},"author":2,"featured_media":53,"parent":0,"menu_order":0,"comment_status":"closed","ping_status":"closed","template":"","meta":{"footnotes":""},"class_list":["post-79","page","type-page","status-publish","has-post-thumbnail","hentry"],"_links":{"self":[{"href":"https:\/\/www.e-compugraf.com\/index.php\/wp-json\/wp\/v2\/pages\/79","targetHints":{"allow":["GET"]}}],"collection":[{"href":"https:\/\/www.e-compugraf.com\/index.php\/wp-json\/wp\/v2\/pages"}],"about":[{"href":"https:\/\/www.e-compugraf.com\/index.php\/wp-json\/wp\/v2\/types\/page"}],"author":[{"embeddable":true,"href":"https:\/\/www.e-compugraf.com\/index.php\/wp-json\/wp\/v2\/users\/2"}],"replies":[{"embeddable":true,"href":"https:\/\/www.e-compugraf.com\/index.php\/wp-json\/wp\/v2\/comments?post=79"}],"version-history":[{"count":12,"href":"https:\/\/www.e-compugraf.com\/index.php\/wp-json\/wp\/v2\/pages\/79\/revisions"}],"predecessor-version":[{"id":866,"href":"https:\/\/www.e-compugraf.com\/index.php\/wp-json\/wp\/v2\/pages\/79\/revisions\/866"}],"wp:featuredmedia":[{"embeddable":true,"href":"https:\/\/www.e-compugraf.com\/index.php\/wp-json\/wp\/v2\/media\/53"}],"wp:attachment":[{"href":"https:\/\/www.e-compugraf.com\/index.php\/wp-json\/wp\/v2\/media?parent=79"}],"curies":[{"name":"wp","href":"https:\/\/api.w.org\/{rel}","templated":true}]}}