{"id":89,"date":"2017-03-22T15:28:11","date_gmt":"2017-03-22T21:28:11","guid":{"rendered":"http:\/\/www.e-compugraf.com\/?page_id=89"},"modified":"2019-12-06T18:16:03","modified_gmt":"2019-12-07T00:16:03","slug":"curso-avanzado-de-apache-https-y-apache-tomcat","status":"publish","type":"page","link":"https:\/\/www.e-compugraf.com\/index.php\/curso-avanzado-de-apache-https-y-apache-tomcat\/","title":{"rendered":"Curso Avanzado de servidores WEB Apache"},"content":{"rendered":"<p>En este curso el participante obtendr\u00e1 los conocimientos necesarios para realizar la instalaci\u00f3n de servidores web basado en el servidor web m\u00e1s utilizado del mundo,\u00a0 apache , manejo de modulos y personalizaci\u00f3n del mismo para crear desde un sitio web hastas cientos de ellso enun mismo servidor.<\/p>\n<p>Adem\u00e1s el participante creara sitios donde utilizara protocolos SSL, los cuales nos permiten <span style=\"color: #000000;\">crear sitios seguros y obtener el conocimiento para comprender el funcionamiento de la seguridad en la web &#8211; https.<\/span><\/p>\n<p style=\"text-align: center;\"><strong><span style=\"color: #000000;\">Temario<\/span><\/strong><\/p>\n<p><strong>1.- Introducci\u00f3n a Apache<\/strong><\/p>\n<ul>\n<li>La Familia de protocolos TCP-IP.<\/li>\n<li>El protocolo HTTP.<\/li>\n<li>CGI &#8211; Common Gateway Interface.<\/li>\n<li>El porque del liderazgo del Apache entre los servidores web<\/li>\n<\/ul>\n<p><strong>2.- Instalaci\u00f3n de Apache<\/strong><\/p>\n<ul>\n<li>Sistemas operativos soportados.<\/li>\n<li>Instalaci\u00f3n de Apache en GNU Linux<\/li>\n<li>Compilar desde las fuentes.<\/li>\n<li>Paquete RPM. APT<\/li>\n<li>Arranque y parada del servicio.<\/li>\n<li>Verificaci\u00f3n de la instalaci\u00f3n.<\/li>\n<li>Directivas b\u00e1sicas de configuraci\u00f3n.<\/li>\n<li>Directivas avanzadas de configuraci\u00f3n para mejor desempe\u00f1o.<\/li>\n<\/ul>\n<p><strong>3.- Instalaci\u00f3n de M\u00f3dulos din\u00e1micos<\/strong><\/p>\n<ul>\n<li>Manejo de modulos.<\/li>\n<li>Activado y desactivando modulos<\/li>\n<\/ul>\n<p><strong>4.- Autenticaci\u00f3n de usuarios<\/strong><\/p>\n<ul>\n<li>El fichero .htaccess y asociados (.htpasswd, .htgroup y .htdigest).<\/li>\n<li>Control de acceso por bases de datos (mod_auth_db, mod_auth_mysql).<\/li>\n<\/ul>\n<p><strong>5.- Servidores virtuales<\/strong><\/p>\n<ul>\n<li>Servidores virtuales por IP y nombre.<\/li>\n<li>Creaci\u00f3n de dominios virtuales<\/li>\n<li>Creacion de subdominios<\/li>\n<\/ul>\n<p><strong>6.- Monitoreo y optimizaci\u00f3n del servidor Apache<\/strong><\/p>\n<ul>\n<li>Ficheros log y su control.<\/li>\n<li>Limitaci\u00f3n del ancho de banda: mod_bandwidth.<\/li>\n<li>Monitoreo de ancho de banda<\/li>\n<li>Carga del servidor: mod_status.<\/li>\n<li>Control de accesos.<\/li>\n<li>Control de limites de conexiones<\/li>\n<li>Control de memoria<\/li>\n<li>Configuraci\u00f3n de hilos<\/li>\n<li>Tuning para alto rendimiento.<\/li>\n<\/ul>\n<p><strong>7.- Apache y la generaci\u00f3n de contenido din\u00e1mico<\/strong><\/p>\n<ul>\n<li>PHP con mod_php.<\/li>\n<li>Perl con mod_Perl.<\/li>\n<li>Instalaci\u00f3n b\u00e1sica de WordPress<\/li>\n<\/ul>\n<p><strong>8.- Otros M\u00f3dulos de Apache<\/strong><\/p>\n<ul>\n<li>Compresi\u00f3n de contenidos: mod_deflate.<\/li>\n<li>Correci\u00f3n de errores en URL: mod_speling.<\/li>\n<li>Reescritura de URLs: mod_rewrite.<\/li>\n<li>Negociaci\u00f3n de contenidos: mod_negotiation.<\/li>\n<li>Actualizaci\u00f3n colaborativa de una web: mod_dav.<\/li>\n<li>Apache como proxy o gateway: mod_proxy.<\/li>\n<li>Balanceo: mod_jk<\/li>\n<\/ul>\n<p><strong>9.- mod_security<\/strong><\/p>\n<ul>\n<li>Configuraci\u00f3n en implementaci\u00f3n<\/li>\n<li>Reglas de acceso<\/li>\n<li>Pol\u00edticas<\/li>\n<\/ul>\n<p>1<strong>0.- Configuraci\u00f3n de ssl<\/strong><\/p>\n<ul>\n<li>Explicaci\u00f3n del funcionamiento de los certificados.<\/li>\n<li>Generaci\u00f3n de certificados.<\/li>\n<li>Instalacion y configuraci\u00f3n de sitio https.<\/li>\n<li>Proceso de compra de certificados a terceros<\/li>\n<li>Instalaci\u00f3n de certificado externos.<\/li>\n<\/ul>\n<p><strong>Duraci\u00f3n: 28 horas <\/strong>que se pueden distribuir en varios d\u00edas\u00a0 adaptandonse a los horariois del estudiante<strong><br \/><\/strong><\/p>\n<p><strong>Conocimientos previos:\u00a0 <\/strong>Fundamentos GNU Linux, y redes.<\/p>\n<p>Este es un curso de nivel avanzado por lo cual se requiere que los participantes tengan conocimientos previos en redes as\u00ed como en la instalaci\u00f3n y configuraci\u00f3n de servidores GNU Linux.<\/p>\n<p><strong>Fechas:<\/strong>\u00a0 Las fechas se definen en\u00a0 funci\u00f3n de las necesidades de los participantes.<\/p>\n<p><strong>Incluye:<\/strong><\/p>\n<p>Curso intensivo con practicas reales en varios servidores por participante .<br \/>Instructores altamente calificados con una amplia experiencia en entornos de producci\u00f3n.<br \/>Juegos de servidores\u00a0 por estudiante.<br \/>Discos de instalaci\u00f3n de distribuciones Linux usadas en curso.<br \/>Enlaces\u00a0 a Internet.<br \/>Coffee break.<\/p>\n\n\n<p><\/p>\n","protected":false},"excerpt":{"rendered":"<p>En este curso el participante obtendr\u00e1 los conocimientos necesarios para realizar la instalaci\u00f3n de servidores web basado en el servidor web m\u00e1s utilizado del mundo,\u00a0 apache , manejo de modulos y personalizaci\u00f3n del mismo para crear desde un sitio web hastas cientos de ellso enun mismo servidor. Adem\u00e1s el participante creara sitios donde utilizara protocolos &hellip; <\/p>\n<p class=\"link-more\"><a href=\"https:\/\/www.e-compugraf.com\/index.php\/curso-avanzado-de-apache-https-y-apache-tomcat\/\" class=\"more-link\">Continuar leyendo<span class=\"screen-reader-text\"> &#8220;Curso Avanzado de servidores WEB Apache&#8221;<\/span><\/a><\/p>\n","protected":false},"author":1,"featured_media":0,"parent":0,"menu_order":1,"comment_status":"closed","ping_status":"closed","template":"","meta":{"footnotes":""},"class_list":["post-89","page","type-page","status-publish","hentry"],"_links":{"self":[{"href":"https:\/\/www.e-compugraf.com\/index.php\/wp-json\/wp\/v2\/pages\/89","targetHints":{"allow":["GET"]}}],"collection":[{"href":"https:\/\/www.e-compugraf.com\/index.php\/wp-json\/wp\/v2\/pages"}],"about":[{"href":"https:\/\/www.e-compugraf.com\/index.php\/wp-json\/wp\/v2\/types\/page"}],"author":[{"embeddable":true,"href":"https:\/\/www.e-compugraf.com\/index.php\/wp-json\/wp\/v2\/users\/1"}],"replies":[{"embeddable":true,"href":"https:\/\/www.e-compugraf.com\/index.php\/wp-json\/wp\/v2\/comments?post=89"}],"version-history":[{"count":12,"href":"https:\/\/www.e-compugraf.com\/index.php\/wp-json\/wp\/v2\/pages\/89\/revisions"}],"predecessor-version":[{"id":672,"href":"https:\/\/www.e-compugraf.com\/index.php\/wp-json\/wp\/v2\/pages\/89\/revisions\/672"}],"wp:attachment":[{"href":"https:\/\/www.e-compugraf.com\/index.php\/wp-json\/wp\/v2\/media?parent=89"}],"curies":[{"name":"wp","href":"https:\/\/api.w.org\/{rel}","templated":true}]}}