{"id":95,"date":"2017-03-22T15:39:36","date_gmt":"2017-03-22T21:39:36","guid":{"rendered":"http:\/\/www.e-compugraf.com\/?page_id=95"},"modified":"2017-03-22T16:08:25","modified_gmt":"2017-03-22T22:08:25","slug":"curso-curso-de-implementacion-de-redes-privadas-virtuales-vpn-con-openvpn-en-gnu-linux-de-implementacion-de-redes-privadas-virtuales-vpn-con-openvpn-en-gnu-linux","status":"publish","type":"page","link":"https:\/\/www.e-compugraf.com\/index.php\/curso-curso-de-implementacion-de-redes-privadas-virtuales-vpn-con-openvpn-en-gnu-linux-de-implementacion-de-redes-privadas-virtuales-vpn-con-openvpn-en-gnu-linux\/","title":{"rendered":"Curso de Implementaci\u00f3n de Redes Privadas Virtuales (VPN) con OpenVPN en GNU Linux."},"content":{"rendered":"<p>OpenVPN es una aplicaci\u00f3n bastante poderosa y segura, podemos construir Redes Privadas Virtuales (VPN) basadas en SSL. Con esta herramienta podemos asegurar conexiones de sitio-a-sitio, conexiones inal\u00e1mbricas WiFi, usuarios m\u00f3viles, hasta configuraciones avanzadas para necesidades corporativas. OpenVPN se caracteriza por ser una herramienta f\u00e1cil de usar y no sufre de las complejidades de otras implementaciones de VPN. OpenVPN usa SSL\/TLS como mecanismos de autenticaci\u00f3n y cifrado de las conexiones.<br \/>\nObjetivos:<\/p>\n<p>Al terminar, los participantes obtendr\u00e1n los conocimientos y habilidades para implementar servidores y clientes VPN SSL usando sistemas GNU\/Linux y OpenVPN.<br \/>\nTemario:<\/p>\n<ol>\n<li>Introducci\u00f3n a las tecnolog\u00edas VPN.<br \/>\nNecesidades de las VPNs.<br \/>\nQue es y para que sirven las VPNs.<br \/>\nQue nos ofrece una VPN.<br \/>\nLas ventajas de una VPN.<br \/>\nSobre la seguridad de las VPNs.<br \/>\nEsquemas de comunicaci\u00f3n de las VPNs.<\/li>\n<li>Que es OpenVPN.<br \/>\nCaracter\u00edsticas generales de OpenVPN.<br \/>\nLos modos de operaci\u00f3n de OpenVPN.<br \/>\nTipos de autenticaci\u00f3n de OpenVPN.<br \/>\nAutenticaci\u00f3n por Llave Pre Compartida (PSK- Pre Shared Key).<br \/>\nAutenticaci\u00f3n por Certificados X.509 (SSL\/TLS).<\/li>\n<li>Preparando los la Instalaci\u00f3n.<br \/>\nPreparaci\u00f3n de los elementos de red.<br \/>\nPreparando los elementos de software.<br \/>\nRequerimientos del Kernel.<br \/>\nRequerimientos de software (dependencias).<\/li>\n<li>Instalando OpenVPN en el servidor.<br \/>\nConfiguraci\u00f3n de una Autoridad Certificadora (CA &#8211; Certificate Authority).<\/li>\n<li>Generaci\u00f3n de certificados para el Servidor y Clientes.<br \/>\nDistribuci\u00f3n de certificados para los clientes.<br \/>\nNotas sobre la hora y fecha en certificados.<\/li>\n<li>Configuraci\u00f3n del servidor OpenVPN.<br \/>\nProbando la configuraci\u00f3n del Servidor OpenVPN.<br \/>\nVerificando las interfaces de red.<br \/>\nResoluci\u00f3n de problemas.<br \/>\nEl registro de eventos (Logs) en el servidor OpenVPN.<\/li>\n<li>Configuraci\u00f3n del Cliente OpenVPN.<br \/>\nConsideraciones del Firewall.<br \/>\nConfigurando un cliente OpenVPN en Linux.<br \/>\nConfigurando un cliente OpenVPN en MS Windows.<br \/>\nProblemas comunes en entornos Windows.<\/li>\n<li>Estableciendo una VPN cliente-servidor o Host to Host.<br \/>\nConsideraciones del Firewall.<br \/>\nAdministraci\u00f3n del servidor OpenVPN.<\/li>\n<li>Estableciendo una VPN de tipo Sitio a Sitio o LAN a LAN.<br \/>\nConfiguraciones de rutas para clientes y servidores.<br \/>\nConectando m\u00e1s de un sitio a la VPN.<br \/>\nConfiguraci\u00f3n para Usuarios M\u00f3viles RoadWarriors.<br \/>\nReforzando la seguridad del OpenVPN.<br \/>\nAdministraci\u00f3n de Certificados.<br \/>\nRevocaci\u00f3n de certificados.<br \/>\nRenovaci\u00f3n de certificados.<\/li>\n<li>La consola de administraci\u00f3n de OpenVPN.<\/li>\n<\/ol>\n<p>Requisitos previos:<\/p>\n<p>Los participantes deber\u00e1n tener conocimientos b\u00e1sicos sobre redes TCP\/IP, conocimiento b\u00e1sico de ejecuci\u00f3n de comandos en sistemas GNU\/Linux, tambi\u00e9n se deber\u00e1 tener uso fluido de alg\u00fan editor de textos en linea de comandos.<\/p>\n<p>Duraci\u00f3n:<br \/>\n21 horas<\/p>\n<p>Precios especiales a grupos, puede pagar bitcoin y Paypal<\/p>\n<p>Incluye:<\/p>\n<p>Curso intensivo con practicas reales.<br \/>\nInstructores certificados con experiencia en entornos de producci\u00c3\u00b3n.<br \/>\nUn equipo por estudiante.<br \/>\nDiscos de instalaci\u00f3n de distribuciones GNU\/Linux usadas en curso.<br \/>\nConexi\u00f3n a Internet.<br \/>\nCaf\u00e9, galletas, refrigerios varios.<\/p>\n","protected":false},"excerpt":{"rendered":"<p>OpenVPN es una aplicaci\u00f3n bastante poderosa y segura, podemos construir Redes Privadas Virtuales (VPN) basadas en SSL. Con esta herramienta podemos asegurar conexiones de sitio-a-sitio, conexiones inal\u00e1mbricas WiFi, usuarios m\u00f3viles, hasta configuraciones avanzadas para necesidades corporativas. OpenVPN se caracteriza por ser una herramienta f\u00e1cil de usar y no sufre de las complejidades de otras implementaciones &hellip; <\/p>\n<p class=\"link-more\"><a href=\"https:\/\/www.e-compugraf.com\/index.php\/curso-curso-de-implementacion-de-redes-privadas-virtuales-vpn-con-openvpn-en-gnu-linux-de-implementacion-de-redes-privadas-virtuales-vpn-con-openvpn-en-gnu-linux\/\" class=\"more-link\">Continuar leyendo<span class=\"screen-reader-text\"> &#8220;Curso de Implementaci\u00f3n de Redes Privadas Virtuales (VPN) con OpenVPN en GNU Linux.&#8221;<\/span><\/a><\/p>\n","protected":false},"author":2,"featured_media":0,"parent":0,"menu_order":0,"comment_status":"closed","ping_status":"closed","template":"","meta":{"footnotes":""},"class_list":["post-95","page","type-page","status-publish","hentry"],"_links":{"self":[{"href":"https:\/\/www.e-compugraf.com\/index.php\/wp-json\/wp\/v2\/pages\/95","targetHints":{"allow":["GET"]}}],"collection":[{"href":"https:\/\/www.e-compugraf.com\/index.php\/wp-json\/wp\/v2\/pages"}],"about":[{"href":"https:\/\/www.e-compugraf.com\/index.php\/wp-json\/wp\/v2\/types\/page"}],"author":[{"embeddable":true,"href":"https:\/\/www.e-compugraf.com\/index.php\/wp-json\/wp\/v2\/users\/2"}],"replies":[{"embeddable":true,"href":"https:\/\/www.e-compugraf.com\/index.php\/wp-json\/wp\/v2\/comments?post=95"}],"version-history":[{"count":5,"href":"https:\/\/www.e-compugraf.com\/index.php\/wp-json\/wp\/v2\/pages\/95\/revisions"}],"predecessor-version":[{"id":107,"href":"https:\/\/www.e-compugraf.com\/index.php\/wp-json\/wp\/v2\/pages\/95\/revisions\/107"}],"wp:attachment":[{"href":"https:\/\/www.e-compugraf.com\/index.php\/wp-json\/wp\/v2\/media?parent=95"}],"curies":[{"name":"wp","href":"https:\/\/api.w.org\/{rel}","templated":true}]}}